{"id":18036,"date":"2025-04-03T19:08:59","date_gmt":"2025-04-03T17:08:59","guid":{"rendered":"https:\/\/theatre-antique.com\/rechtliche-hinweise\/"},"modified":"2026-01-09T16:15:46","modified_gmt":"2026-01-09T15:15:46","slug":"rechtliche-hinweise","status":"publish","type":"page","link":"https:\/\/theatre-antique.com\/de\/rechtliche-hinweise\/","title":{"rendered":"Rechtliche Hinweise"},"content":{"rendered":"<p><strong>Rechtliche Hinweise<\/strong><br \/>\nBitte lesen Sie die verschiedenen Nutzungsbedingungen dieser Website aufmerksam durch, bevor Sie die Seiten durchbl\u00e4ttern. Indem Sie sich auf dieser Website einloggen, akzeptieren Sie diese Bedingungen vorbehaltlos. Gem\u00e4\u00df Artikel 6 des Gesetzes Nr. 2004-575 vom 21. Juni 2004 \u00fcber das Vertrauen in die digitale Wirtschaft sind die Verantwortlichen f\u00fcr diese Website www.theatre-antique.com:  <\/p>\n<p><strong>Herausgeber der Website :<\/strong><\/p>\n<p>Edeis Orange<br \/>\nSIREN-Nummer: 911403400<br \/>\nRedaktionelle Verantwortung: Julia Pons<\/p>\n<p>Website: www.theatre-antique.com<\/p>\n<p><strong>Unterkunft<\/strong>:<\/p>\n<p>GANDI<br \/>\n63\/65 63 BOULEVARD MASSENA 75013 PARIS<\/p>\n<p><strong>Entwicklung :<\/strong><\/p>\n<p>Dimension&#8217;L<br \/>\nWebsite: https:\/\/dimensionl.fr<\/p>\n<p><strong>Nutzungsbedingungen :<\/strong><\/p>\n<p>Diese Website (www.theatre-antique.com ) wird in verschiedenen Websprachen (HTML, HTML5, Javascript, CSS, usw.) angeboten. F\u00fcr einen besseren Benutzerkomfort und eine angenehmere Grafik empfehlen wir Ihnen, moderne Browser wie Internet Explorer, Safari, Firefox, Google Chrome, usw. zu verwenden.<\/p>\n<p>Edeis Orange nutzt alle ihr zur Verf\u00fcgung stehenden Mittel, um zuverl\u00e4ssige Informationen und eine zuverl\u00e4ssige Aktualisierung ihrer Websites zu gew\u00e4hrleisten. Dennoch kann es zu Fehlern oder Auslassungen kommen. Der Internetnutzer sollte sich daher vergewissern, dass die Informationen von Edeis korrekt sind und alle \u00c4nderungen an der Website melden, die er f\u00fcr n\u00fctzlich h\u00e4lt. Edeis ist in keiner Weise verantwortlich f\u00fcr die Nutzung dieser Informationen und alle direkten oder indirekten Sch\u00e4den, die daraus entstehen k\u00f6nnen.   <\/p>\n<p>Cookies: Die Website www.theatre-antique.com kann Sie bitten, Cookies f\u00fcr statistische Zwecke und f\u00fcr die Anzeige zu akzeptieren. Ein Cookie ist eine Information, die vom Server der Website, die Sie besuchen, auf Ihrer Festplatte abgelegt wird. Es enth\u00e4lt eine Reihe von Daten, die auf Ihrem Computer in einer einfachen Textdatei gespeichert werden, auf die ein Server zugreift, um Informationen zu lesen und zu speichern. Einige Teile dieser Website sind ohne die Annahme von Cookies nicht funktionsf\u00e4hig.   <\/p>\n<p>Hyperlinks : Die Webseiten von k\u00f6nnen Links zu anderen Webseiten oder anderen im Internet verf\u00fcgbaren Ressourcen anbieten. Edeis Orange verf\u00fcgt \u00fcber keine Mittel, um die mit ihren Websites verbundenen Websites zu kontrollieren. Edeis Orange \u00fcbernimmt keine Verantwortung f\u00fcr die Verf\u00fcgbarkeit solcher Websites und externer Quellen und garantiert diese auch nicht. Sie kann nicht f\u00fcr Sch\u00e4den jeglicher Art haftbar gemacht werden, die sich aus dem Inhalt dieser Websites oder externen Quellen ergeben, insbesondere nicht f\u00fcr Informationen, Produkte oder Dienstleistungen, die dort angeboten werden, oder f\u00fcr die Nutzung dieser Elemente. Der Internetnutzer tr\u00e4gt das volle Risiko f\u00fcr diese Nutzung und muss sich an die Nutzungsbedingungen halten.    <\/p>\n<p>Nutzer, Abonnenten und Besucher der Websites von Edeis Orange d\u00fcrfen ohne die ausdr\u00fcckliche und vorherige Genehmigung von Edeis Orange keinen Hyperlink zu dieser Website einrichten.<\/p>\n<p>Wenn ein Benutzer oder Besucher einen Hyperlink zu einer der Websites von Edeis Orange einrichten m\u00f6chte, muss er eine E-Mail an die Website senden, um seinen Antrag auf Einrichtung eines Hyperlinks zu formulieren. Edeis Orange beh\u00e4lt sich das Recht vor, einen Hyperlink zu akzeptieren oder abzulehnen, ohne dies begr\u00fcnden zu m\u00fcssen. <\/p>\n<p><strong>Erbrachte Dienstleistungen :<\/strong><\/p>\n<p>Alle Aktivit\u00e4ten und Informationen des Unternehmens sind auf unserer Website www.theatre-antique.com zu finden.<\/p>\n<p>Edeis Orange bem\u00fcht sich, auf der Website www.theatre-antique.com m\u00f6glichst genaue Informationen zur Verf\u00fcgung zu stellen. Die Informationen auf der Website www.theatre-antique.com sind nicht vollst\u00e4ndig und die Fotos sind nicht vertraglich bindend. Sie werden unter dem Vorbehalt von \u00c4nderungen gegeben, die seit ihrer Online-Ver\u00f6ffentlichung vorgenommen wurden. Alle Informationen auf www.theatre-antique.com sind unverbindlich und k\u00f6nnen sich ohne Vorank\u00fcndigung \u00e4ndern oder weiterentwickeln.   <\/p>\n<p><strong>Vertragliche Beschr\u00e4nkungen der Daten :<\/strong><\/p>\n<p>Die auf dieser Website enthaltenen Informationen sind so genau wie m\u00f6glich und die Website wird zu verschiedenen Zeiten des Jahres aktualisiert, kann aber dennoch Ungenauigkeiten oder Auslassungen enthalten. Wenn Sie eine L\u00fccke, einen Fehler oder eine scheinbare Fehlfunktion feststellen, teilen Sie uns dies bitte per E-Mail mit und beschreiben Sie das Problem so genau wie m\u00f6glich (Seite, die das Problem verursacht, Art des verwendeten Computers und Browsers, &#8230;). <\/p>\n<p>Alle heruntergeladenen Inhalte werden auf Risiko des Nutzers und unter seiner alleinigen Verantwortung heruntergeladen. Folglich kann der Anbieter nicht f\u00fcr Sch\u00e4den am Computer des Nutzers oder f\u00fcr Datenverluste infolge des Downloads haftbar gemacht werden. Dar\u00fcber hinaus verpflichtet sich der Nutzer der Website, die Website mit neuem Material aufzurufen, das keine Viren enth\u00e4lt und mit einem Browser der neuesten Generation, der auf dem neuesten Stand ist.  <\/p>\n<p>Edeis Orange haftet nicht f\u00fcr Hypertext-Links, die im Rahmen dieser Website zu anderen Ressourcen im Internet eingerichtet wurden.<\/p>\n<p><strong>Geistiges Eigentum :<\/strong><\/p>\n<p>Der gesamte Inhalt der Website www.theatre-antique.com , einschlie\u00dflich, aber nicht beschr\u00e4nkt auf, Grafiken, Bilder, Texte, Videos, Animationen, Kl\u00e4nge, Logos, Gifs und Icons sowie deren Formatierung sind das ausschlie\u00dfliche Eigentum des Unternehmens, mit Ausnahme von Marken, Logos oder Inhalten, die anderen Partnerunternehmen oder Autoren geh\u00f6ren.<\/p>\n<p>Jede auch nur teilweise Vervielf\u00e4ltigung, Verbreitung, \u00c4nderung, Anpassung, Weiterleitung oder Ver\u00f6ffentlichung dieser verschiedenen Elemente ist ohne die ausdr\u00fcckliche schriftliche Genehmigung von Edeis Orange strengstens untersagt. Diese Darstellung oder Vervielf\u00e4ltigung, gleichg\u00fcltig durch welches Verfahren, stellt eine F\u00e4lschung dar, die gem\u00e4\u00df Artikel L.335-2 ff. des Gesetzes \u00fcber geistiges Eigentum bestraft wird. Die Nichtbeachtung dieses Verbots stellt eine F\u00e4lschung dar, f\u00fcr die der F\u00e4lscher zivil- und strafrechtlich haftbar gemacht werden kann. Dar\u00fcber hinaus k\u00f6nnen die Eigent\u00fcmer der kopierten Inhalte rechtliche Schritte gegen Sie einleiten.   <\/p>\n<p><strong>Streitigkeiten :<\/strong><\/p>\n<p>Die vorliegenden Bedingungen der Website www.theatre-antique.com unterliegen den franz\u00f6sischen Gesetzen und alle Streitigkeiten, die sich aus der Auslegung oder Ausf\u00fchrung dieser Bedingungen ergeben k\u00f6nnten, unterliegen der ausschlie\u00dflichen Zust\u00e4ndigkeit der Gerichte, in deren Zust\u00e4ndigkeitsbereich der Sitz des Unternehmens liegt. Die Referenzsprache f\u00fcr die Beilegung eventueller Streitigkeiten ist Franz\u00f6sisch. <\/p>\n<p><strong>Pers\u00f6nliche Daten :<\/strong><\/p>\n<p>Im Allgemeinen sind Sie nicht verpflichtet, uns Ihre pers\u00f6nlichen Daten mitzuteilen, wenn Sie unsere Website www.theatre-antique.com besuchen.<\/p>\n<p>Es gibt jedoch einige Ausnahmen von diesem Prinzip. F\u00fcr bestimmte Dienstleistungen, die auf unserer Website angeboten werden, kann es sein, dass Sie uns bestimmte Daten wie Ihren Namen, Ihre Funktion, den Namen Ihres Unternehmens, Ihre E-Mail-Adresse und Ihre Telefonnummer mitteilen m\u00fcssen. Dies ist der Fall, wenn Sie das Formular ausf\u00fcllen, das Ihnen online unter der Rubrik &#8222;Kontakt&#8220; zur Verf\u00fcgung steht. In jedem Fall k\u00f6nnen Sie die Angabe Ihrer pers\u00f6nlichen Daten verweigern. In diesem Fall k\u00f6nnen Sie die Dienste der Website nicht nutzen, insbesondere nicht die M\u00f6glichkeit, Informationen \u00fcber unser Unternehmen anzufordern oder den Newsletter zu erhalten.    <\/p>\n<p>Schlie\u00dflich k\u00f6nnen wir automatisch bestimmte Informationen \u00fcber Sie sammeln, wenn Sie einfach auf unserer Website surfen, insbesondere: Informationen \u00fcber die Nutzung unserer Website, wie die Bereiche, die Sie besuchen, und die Dienste, auf die Sie zugreifen, Ihre IP-Adresse, den Typ Ihres Browsers, Ihre Zugriffszeiten. Diese Informationen werden ausschlie\u00dflich f\u00fcr interne statistische Zwecke verwendet, um die Qualit\u00e4t der Ihnen angebotenen Dienstleistungen zu verbessern. Die Datenbanken sind durch die Bestimmungen des Gesetzes vom 1. Juli 1998 zur Umsetzung der Richtlinie 96\/9 vom 11. M\u00e4rz 1996 \u00fcber den rechtlichen Schutz von Datenbanken gesch\u00fctzt.  <\/p>\n","protected":false},"excerpt":{"rendered":"<p>Rechtliche Hinweise Bitte lesen Sie die verschiedenen Nutzungsbedingungen dieser Website aufmerksam durch, bevor Sie die Seiten durchbl\u00e4ttern. Indem Sie sich auf dieser Website einloggen, akzeptieren Sie diese Bedingungen vorbehaltlos. Gem\u00e4\u00df Artikel 6 des Gesetzes Nr. 2004-575 vom 21. Juni 2004 \u00fcber das Vertrauen in die digitale Wirtschaft sind die Verantwortlichen f\u00fcr diese Website www.theatre-antique.com: Herausgeber [&hellip;]<\/p>\n","protected":false},"author":2,"featured_media":0,"parent":0,"menu_order":0,"comment_status":"closed","ping_status":"closed","template":"","meta":{"site-sidebar-layout":"no-sidebar","site-content-layout":"page-builder","ast-site-content-layout":"full-width-container","site-content-style":"default","site-sidebar-style":"default","ast-global-header-display":"","ast-banner-title-visibility":"","ast-main-header-display":"","ast-hfb-above-header-display":"","ast-hfb-below-header-display":"","ast-hfb-mobile-header-display":"","site-post-title":"disabled","ast-breadcrumbs-content":"","ast-featured-img":"disabled","footer-sml-layout":"","ast-disable-related-posts":"","theme-transparent-header-meta":"default","adv-header-id-meta":"","stick-header-meta":"default","header-above-stick-meta":"","header-main-stick-meta":"","header-below-stick-meta":"","astra-migrate-meta-layouts":"default","ast-page-background-enabled":"default","ast-page-background-meta":{"desktop":{"background-color":"var(--ast-global-color-4)","background-image":"","background-repeat":"repeat","background-position":"center center","background-size":"auto","background-attachment":"scroll","background-type":"","background-media":"","overlay-type":"","overlay-color":"","overlay-opacity":"","overlay-gradient":""},"tablet":{"background-color":"","background-image":"","background-repeat":"repeat","background-position":"center center","background-size":"auto","background-attachment":"scroll","background-type":"","background-media":"","overlay-type":"","overlay-color":"","overlay-opacity":"","overlay-gradient":""},"mobile":{"background-color":"","background-image":"","background-repeat":"repeat","background-position":"center center","background-size":"auto","background-attachment":"scroll","background-type":"","background-media":"","overlay-type":"","overlay-color":"","overlay-opacity":"","overlay-gradient":""}},"ast-content-background-meta":{"desktop":{"background-color":"var(--ast-global-color-5)","background-image":"","background-repeat":"repeat","background-position":"center center","background-size":"auto","background-attachment":"scroll","background-type":"","background-media":"","overlay-type":"","overlay-color":"","overlay-opacity":"","overlay-gradient":""},"tablet":{"background-color":"var(--ast-global-color-5)","background-image":"","background-repeat":"repeat","background-position":"center center","background-size":"auto","background-attachment":"scroll","background-type":"","background-media":"","overlay-type":"","overlay-color":"","overlay-opacity":"","overlay-gradient":""},"mobile":{"background-color":"var(--ast-global-color-5)","background-image":"","background-repeat":"repeat","background-position":"center center","background-size":"auto","background-attachment":"scroll","background-type":"","background-media":"","overlay-type":"","overlay-color":"","overlay-opacity":"","overlay-gradient":""}},"footnotes":""},"class_list":["post-18036","page","type-page","status-publish","hentry"],"yoast_head":"<!-- This site is optimized with the Yoast SEO plugin v27.4 - https:\/\/yoast.com\/product\/yoast-seo-wordpress\/ -->\n<title>Rechtliche Hinweise - Th\u00e9atre Antique d&#039;Orange<\/title>\n<meta name=\"robots\" content=\"noindex, nofollow\" \/>\n<meta property=\"og:locale\" content=\"de_DE\" \/>\n<meta property=\"og:type\" content=\"article\" \/>\n<meta property=\"og:title\" content=\"Rechtliche Hinweise - Th\u00e9atre Antique d&#039;Orange\" \/>\n<meta property=\"og:description\" content=\"Rechtliche Hinweise Bitte lesen Sie die verschiedenen Nutzungsbedingungen dieser Website aufmerksam durch, bevor Sie die Seiten durchbl\u00e4ttern. Indem Sie sich auf dieser Website einloggen, akzeptieren Sie diese Bedingungen vorbehaltlos. Gem\u00e4\u00df Artikel 6 des Gesetzes Nr. 2004-575 vom 21. Juni 2004 \u00fcber das Vertrauen in die digitale Wirtschaft sind die Verantwortlichen f\u00fcr diese Website www.theatre-antique.com: Herausgeber [&hellip;]\" \/>\n<meta property=\"og:url\" content=\"https:\/\/theatre-antique.com\/de\/rechtliche-hinweise\/\" \/>\n<meta property=\"og:site_name\" content=\"Th\u00e9atre Antique d&#039;Orange\" \/>\n<meta property=\"article:publisher\" content=\"https:\/\/www.facebook.com\/theatreantiqueorangeofficiel\" \/>\n<meta property=\"article:modified_time\" content=\"2026-01-09T15:15:46+00:00\" \/>\n<meta name=\"twitter:card\" content=\"summary_large_image\" \/>\n<meta name=\"twitter:site\" content=\"@TheatreAntique\" \/>\n<meta name=\"twitter:label1\" content=\"Gesch\u00e4tzte Lesezeit\" \/>\n\t<meta name=\"twitter:data1\" content=\"6\u00a0Minuten\" \/>\n<script type=\"application\/ld+json\" class=\"yoast-schema-graph\">{\"@context\":\"https:\\\/\\\/schema.org\",\"@graph\":[{\"@type\":\"WebPage\",\"@id\":\"https:\\\/\\\/theatre-antique.com\\\/de\\\/rechtliche-hinweise\\\/\",\"url\":\"https:\\\/\\\/theatre-antique.com\\\/de\\\/rechtliche-hinweise\\\/\",\"name\":\"Rechtliche Hinweise - Th\u00e9atre Antique d&#039;Orange\",\"isPartOf\":{\"@id\":\"https:\\\/\\\/theatre-antique.com\\\/de\\\/#website\"},\"datePublished\":\"2025-04-03T17:08:59+00:00\",\"dateModified\":\"2026-01-09T15:15:46+00:00\",\"breadcrumb\":{\"@id\":\"https:\\\/\\\/theatre-antique.com\\\/de\\\/rechtliche-hinweise\\\/#breadcrumb\"},\"inLanguage\":\"de\",\"potentialAction\":[{\"@type\":\"ReadAction\",\"target\":[\"https:\\\/\\\/theatre-antique.com\\\/de\\\/rechtliche-hinweise\\\/\"]}]},{\"@type\":\"BreadcrumbList\",\"@id\":\"https:\\\/\\\/theatre-antique.com\\\/de\\\/rechtliche-hinweise\\\/#breadcrumb\",\"itemListElement\":[{\"@type\":\"ListItem\",\"position\":1,\"name\":\"Accueil\",\"item\":\"https:\\\/\\\/theatre-antique.com\\\/de\\\/antikes-theater-in-orange\\\/\"},{\"@type\":\"ListItem\",\"position\":2,\"name\":\"Rechtliche Hinweise\"}]},{\"@type\":\"WebSite\",\"@id\":\"https:\\\/\\\/theatre-antique.com\\\/de\\\/#website\",\"url\":\"https:\\\/\\\/theatre-antique.com\\\/de\\\/\",\"name\":\"Th\u00e9atre Antique d'Orange\",\"description\":\"Just another Astra Starter Templates site\",\"publisher\":{\"@id\":\"https:\\\/\\\/theatre-antique.com\\\/de\\\/#organization\"},\"potentialAction\":[{\"@type\":\"SearchAction\",\"target\":{\"@type\":\"EntryPoint\",\"urlTemplate\":\"https:\\\/\\\/theatre-antique.com\\\/de\\\/?s={search_term_string}\"},\"query-input\":{\"@type\":\"PropertyValueSpecification\",\"valueRequired\":true,\"valueName\":\"search_term_string\"}}],\"inLanguage\":\"de\"},{\"@type\":\"Organization\",\"@id\":\"https:\\\/\\\/theatre-antique.com\\\/de\\\/#organization\",\"name\":\"Th\u00e9atre Antique d'Orange\",\"url\":\"https:\\\/\\\/theatre-antique.com\\\/de\\\/\",\"logo\":{\"@type\":\"ImageObject\",\"inLanguage\":\"de\",\"@id\":\"https:\\\/\\\/theatre-antique.com\\\/de\\\/#\\\/schema\\\/logo\\\/image\\\/\",\"url\":\"https:\\\/\\\/theatre-antique.com\\\/wp-content\\\/uploads\\\/2024\\\/12\\\/logo-1-1.jpg\",\"contentUrl\":\"https:\\\/\\\/theatre-antique.com\\\/wp-content\\\/uploads\\\/2024\\\/12\\\/logo-1-1.jpg\",\"width\":601,\"height\":161,\"caption\":\"Th\u00e9atre Antique d'Orange\"},\"image\":{\"@id\":\"https:\\\/\\\/theatre-antique.com\\\/de\\\/#\\\/schema\\\/logo\\\/image\\\/\"},\"sameAs\":[\"https:\\\/\\\/www.facebook.com\\\/theatreantiqueorangeofficiel\",\"https:\\\/\\\/x.com\\\/TheatreAntique\",\"https:\\\/\\\/www.instagram.com\\\/theatreantiquedorange_officiel\\\/\",\"https:\\\/\\\/www.linkedin.com\\\/company\\\/thtre-antique-d-orange\\\/\"]}]}<\/script>\n<!-- \/ Yoast SEO plugin. -->","yoast_head_json":{"title":"Rechtliche Hinweise - Th\u00e9atre Antique d&#039;Orange","robots":{"index":"noindex","follow":"nofollow"},"og_locale":"de_DE","og_type":"article","og_title":"Rechtliche Hinweise - Th\u00e9atre Antique d&#039;Orange","og_description":"Rechtliche Hinweise Bitte lesen Sie die verschiedenen Nutzungsbedingungen dieser Website aufmerksam durch, bevor Sie die Seiten durchbl\u00e4ttern. Indem Sie sich auf dieser Website einloggen, akzeptieren Sie diese Bedingungen vorbehaltlos. Gem\u00e4\u00df Artikel 6 des Gesetzes Nr. 2004-575 vom 21. Juni 2004 \u00fcber das Vertrauen in die digitale Wirtschaft sind die Verantwortlichen f\u00fcr diese Website www.theatre-antique.com: Herausgeber [&hellip;]","og_url":"https:\/\/theatre-antique.com\/de\/rechtliche-hinweise\/","og_site_name":"Th\u00e9atre Antique d&#039;Orange","article_publisher":"https:\/\/www.facebook.com\/theatreantiqueorangeofficiel","article_modified_time":"2026-01-09T15:15:46+00:00","twitter_card":"summary_large_image","twitter_site":"@TheatreAntique","twitter_misc":{"Gesch\u00e4tzte Lesezeit":"6\u00a0Minuten"},"schema":{"@context":"https:\/\/schema.org","@graph":[{"@type":"WebPage","@id":"https:\/\/theatre-antique.com\/de\/rechtliche-hinweise\/","url":"https:\/\/theatre-antique.com\/de\/rechtliche-hinweise\/","name":"Rechtliche Hinweise - Th\u00e9atre Antique d&#039;Orange","isPartOf":{"@id":"https:\/\/theatre-antique.com\/de\/#website"},"datePublished":"2025-04-03T17:08:59+00:00","dateModified":"2026-01-09T15:15:46+00:00","breadcrumb":{"@id":"https:\/\/theatre-antique.com\/de\/rechtliche-hinweise\/#breadcrumb"},"inLanguage":"de","potentialAction":[{"@type":"ReadAction","target":["https:\/\/theatre-antique.com\/de\/rechtliche-hinweise\/"]}]},{"@type":"BreadcrumbList","@id":"https:\/\/theatre-antique.com\/de\/rechtliche-hinweise\/#breadcrumb","itemListElement":[{"@type":"ListItem","position":1,"name":"Accueil","item":"https:\/\/theatre-antique.com\/de\/antikes-theater-in-orange\/"},{"@type":"ListItem","position":2,"name":"Rechtliche Hinweise"}]},{"@type":"WebSite","@id":"https:\/\/theatre-antique.com\/de\/#website","url":"https:\/\/theatre-antique.com\/de\/","name":"Th\u00e9atre Antique d'Orange","description":"Just another Astra Starter Templates site","publisher":{"@id":"https:\/\/theatre-antique.com\/de\/#organization"},"potentialAction":[{"@type":"SearchAction","target":{"@type":"EntryPoint","urlTemplate":"https:\/\/theatre-antique.com\/de\/?s={search_term_string}"},"query-input":{"@type":"PropertyValueSpecification","valueRequired":true,"valueName":"search_term_string"}}],"inLanguage":"de"},{"@type":"Organization","@id":"https:\/\/theatre-antique.com\/de\/#organization","name":"Th\u00e9atre Antique d'Orange","url":"https:\/\/theatre-antique.com\/de\/","logo":{"@type":"ImageObject","inLanguage":"de","@id":"https:\/\/theatre-antique.com\/de\/#\/schema\/logo\/image\/","url":"https:\/\/theatre-antique.com\/wp-content\/uploads\/2024\/12\/logo-1-1.jpg","contentUrl":"https:\/\/theatre-antique.com\/wp-content\/uploads\/2024\/12\/logo-1-1.jpg","width":601,"height":161,"caption":"Th\u00e9atre Antique d'Orange"},"image":{"@id":"https:\/\/theatre-antique.com\/de\/#\/schema\/logo\/image\/"},"sameAs":["https:\/\/www.facebook.com\/theatreantiqueorangeofficiel","https:\/\/x.com\/TheatreAntique","https:\/\/www.instagram.com\/theatreantiquedorange_officiel\/","https:\/\/www.linkedin.com\/company\/thtre-antique-d-orange\/"]}]}},"_links":{"self":[{"href":"https:\/\/theatre-antique.com\/de\/wp-json\/wp\/v2\/pages\/18036","targetHints":{"allow":["GET"]}}],"collection":[{"href":"https:\/\/theatre-antique.com\/de\/wp-json\/wp\/v2\/pages"}],"about":[{"href":"https:\/\/theatre-antique.com\/de\/wp-json\/wp\/v2\/types\/page"}],"author":[{"embeddable":true,"href":"https:\/\/theatre-antique.com\/de\/wp-json\/wp\/v2\/users\/2"}],"replies":[{"embeddable":true,"href":"https:\/\/theatre-antique.com\/de\/wp-json\/wp\/v2\/comments?post=18036"}],"version-history":[{"count":0,"href":"https:\/\/theatre-antique.com\/de\/wp-json\/wp\/v2\/pages\/18036\/revisions"}],"wp:attachment":[{"href":"https:\/\/theatre-antique.com\/de\/wp-json\/wp\/v2\/media?parent=18036"}],"curies":[{"name":"wp","href":"https:\/\/api.w.org\/{rel}","templated":true}]}}