{"id":18217,"date":"2025-03-19T16:55:16","date_gmt":"2025-03-19T15:55:16","guid":{"rendered":"https:\/\/theatre-antique.com\/datenschutzrichtlinie\/"},"modified":"2026-01-09T16:32:59","modified_gmt":"2026-01-09T15:32:59","slug":"datenschutzrichtlinie","status":"publish","type":"page","link":"https:\/\/theatre-antique.com\/de\/datenschutzrichtlinie\/","title":{"rendered":"Datenschutzrichtlinie"},"content":{"rendered":"&#13;\n<h2 class=\"wp-block-heading\">Wer sind wir?<\/h2>&#13;\n&#13;\n<p>Die Adresse unserer Website ist: https:\/\/theatre-antique.com.<\/p>&#13;\n&#13;\n<h2 class=\"wp-block-heading\">Medien<\/h2>&#13;\n&#13;\n<p><strong class=\"privacy-policy-tutorial\"> <\/strong>Wenn Sie Bilder auf die Website hochladen, empfehlen wir Ihnen, das Hochladen von Bildern zu vermeiden, die EXIF-Daten von GPS-Koordinaten enthalten. Personen, die Ihre Website besuchen, k\u00f6nnen Standortdaten aus diesen Bildern herunterladen und extrahieren. <\/p>&#13;\n&#13;\n<h2 class=\"wp-block-heading\">Cookies<\/h2>&#13;\n&#13;\n<p>Wenn Sie einen Kommentar auf unserer Website abgeben, werden Sie aufgefordert, Ihren Namen, Ihre E-Mail-Adresse und Ihre Website in Cookies zu speichern. Dies geschieht nur zu Ihrer Bequemlichkeit, damit Sie diese Informationen nicht eingeben m\u00fcssen, wenn Sie sp\u00e4ter einen weiteren Kommentar abgeben. Diese Cookies laufen nach einem Jahr ab.  <\/p>&#13;\n&#13;\n<p>Wenn Sie auf die Anmeldeseite gehen, wird ein tempor\u00e4res Cookie erstellt, um festzustellen, ob Ihr Browser Cookies akzeptiert. Es enth\u00e4lt keine pers\u00f6nlichen Daten und wird automatisch gel\u00f6scht, wenn Sie Ihren Browser schlie\u00dfen. <\/p>&#13;\n&#13;\n<p>Wenn Sie sich einloggen, werden wir eine Reihe von Cookies setzen, um Ihre Anmeldeinformationen und Bildschirmeinstellungen zu speichern. Die Lebensdauer eines Login-Cookies betr\u00e4gt zwei Tage, die eines Cookies f\u00fcr die Bildschirmeinstellungen ein Jahr. Wenn Sie &#8222;An mich erinnern&#8220; ankreuzen, wird Ihr Anmelde-Cookie zwei Wochen lang gespeichert. Wenn Sie sich von Ihrem Konto abmelden, wird das Login-Cookie gel\u00f6scht.   <\/p>&#13;\n&#13;\n<p>Wenn Sie einen Beitrag bearbeiten oder ver\u00f6ffentlichen, wird ein zus\u00e4tzliches Cookie in Ihrem Browser gespeichert. Dieses Cookie enth\u00e4lt keine pers\u00f6nlichen Daten. Es zeigt lediglich die ID des Beitrags an, den Sie gerade bearbeitet haben. Das Cookie l\u00e4uft nach einem Tag ab.   <\/p>&#13;\n&#13;\n<h2 class=\"wp-block-heading\">Eingebettete Inhalte von anderen Websites<\/h2>&#13;\n&#13;\n<p><strong class=\"privacy-policy-tutorial\"> <\/strong>Die Artikel auf dieser Website k\u00f6nnen eingebettete Inhalte enthalten (z.B. Videos, Bilder, Artikel&#8230;). Eingebettete Inhalte von anderen Websites verhalten sich so, als ob der Besucher diese andere Website besuchen w\u00fcrde. <\/p>&#13;\n&#13;\n<p>Diese Webseiten k\u00f6nnen Daten \u00fcber Sie sammeln, Cookies verwenden, Tracking-Tools von Dritten einbetten und Ihre Interaktionen mit diesen eingebetteten Inhalten verfolgen, wenn Sie ein angemeldetes Konto auf ihrer Webseite haben.<\/p>&#13;\n&#13;\n<h2 class=\"wp-block-heading\">Nutzung und \u00dcbermittlung Ihrer pers\u00f6nlichen Daten<\/h2>&#13;\n&#13;\n<p>Wenn Sie ein Zur\u00fccksetzen Ihres Passworts anfordern, wird Ihre IP-Adresse in die E-Mail mit dem Zur\u00fccksetzen aufgenommen.<\/p>&#13;\n&#13;\n<h2 class=\"wp-block-heading\">Dauer der Speicherung Ihrer Daten<\/h2>&#13;\n&#13;\n<p>Wenn Sie einen Kommentar hinterlassen, werden der Kommentar und seine Metadaten auf unbestimmte Zeit gespeichert. Dies erm\u00f6glicht es, nachfolgende Kommentare automatisch zu erkennen und freizugeben, anstatt sie in der Moderationswarteschlange zu belassen. <\/p>&#13;\n&#13;\n<p>F\u00fcr Konten, die sich auf unserer Website registrieren (falls zutreffend), speichern wir auch die pers\u00f6nlichen Daten, die in ihrem Profil angegeben sind. Alle Konten k\u00f6nnen ihre pers\u00f6nlichen Daten jederzeit einsehen, \u00e4ndern oder l\u00f6schen (mit Ausnahme ihres Benutzernamens). Auch die Betreiber der Website k\u00f6nnen diese Informationen einsehen und \u00e4ndern.  <\/p>&#13;\n&#13;\n<h2 class=\"wp-block-heading\">Die Rechte, die Sie \u00fcber Ihre Daten haben<\/h2>&#13;\n&#13;\n<p><strong class=\"privacy-policy-tutorial\"> <\/strong>Wenn Sie ein Konto haben oder Kommentare auf der Website hinterlassen haben, k\u00f6nnen Sie eine Datei anfordern, die alle pers\u00f6nlichen Daten enth\u00e4lt, die wir \u00fcber Sie gespeichert haben, einschlie\u00dflich der Daten, die Sie uns zur Verf\u00fcgung gestellt haben. Sie k\u00f6nnen auch die L\u00f6schung Ihrer pers\u00f6nlichen Daten beantragen. Dies gilt nicht f\u00fcr Daten, die f\u00fcr administrative oder rechtliche Zwecke oder aus Sicherheitsgr\u00fcnden gespeichert werden.  <\/p>&#13;\n&#13;\n<h2 class=\"wp-block-heading\">Wohin Ihre Daten gesendet werden<\/h2>&#13;\n&#13;\n<p><strong class=\"privacy-policy-tutorial\"> <\/strong>Die Kommentare der Besucher k\u00f6nnen mit Hilfe eines automatisierten Dienstes zur Erkennung unerw\u00fcnschter Kommentare \u00fcberpr\u00fcft werden.<\/p>&#13;\n<p>&nbsp;<\/p>\n","protected":false},"excerpt":{"rendered":"<p>&#13; Wer sind wir? &#13; &#13; Die Adresse unserer Website ist: https:\/\/theatre-antique.com. &#13; &#13; Medien &#13; &#13; Wenn Sie Bilder auf die Website hochladen, empfehlen wir Ihnen, das Hochladen von Bildern zu vermeiden, die EXIF-Daten von GPS-Koordinaten enthalten. Personen, die Ihre Website besuchen, k\u00f6nnen Standortdaten aus diesen Bildern herunterladen und extrahieren. &#13; &#13; Cookies &#13; [&hellip;]<\/p>\n","protected":false},"author":2,"featured_media":0,"parent":0,"menu_order":0,"comment_status":"closed","ping_status":"closed","template":"","meta":{"site-sidebar-layout":"default","site-content-layout":"","ast-site-content-layout":"default","site-content-style":"default","site-sidebar-style":"default","ast-global-header-display":"","ast-banner-title-visibility":"","ast-main-header-display":"","ast-hfb-above-header-display":"","ast-hfb-below-header-display":"","ast-hfb-mobile-header-display":"","site-post-title":"","ast-breadcrumbs-content":"","ast-featured-img":"","footer-sml-layout":"","ast-disable-related-posts":"","theme-transparent-header-meta":"default","adv-header-id-meta":"","stick-header-meta":"default","header-above-stick-meta":"","header-main-stick-meta":"","header-below-stick-meta":"","astra-migrate-meta-layouts":"set","ast-page-background-enabled":"default","ast-page-background-meta":{"desktop":{"background-color":"var(--ast-global-color-4)","background-image":"","background-repeat":"repeat","background-position":"center center","background-size":"auto","background-attachment":"scroll","background-type":"","background-media":"","overlay-type":"","overlay-color":"","overlay-opacity":"","overlay-gradient":""},"tablet":{"background-color":"","background-image":"","background-repeat":"repeat","background-position":"center center","background-size":"auto","background-attachment":"scroll","background-type":"","background-media":"","overlay-type":"","overlay-color":"","overlay-opacity":"","overlay-gradient":""},"mobile":{"background-color":"","background-image":"","background-repeat":"repeat","background-position":"center center","background-size":"auto","background-attachment":"scroll","background-type":"","background-media":"","overlay-type":"","overlay-color":"","overlay-opacity":"","overlay-gradient":""}},"ast-content-background-meta":{"desktop":{"background-color":"var(--ast-global-color-5)","background-image":"","background-repeat":"repeat","background-position":"center center","background-size":"auto","background-attachment":"scroll","background-type":"","background-media":"","overlay-type":"","overlay-color":"","overlay-opacity":"","overlay-gradient":""},"tablet":{"background-color":"var(--ast-global-color-5)","background-image":"","background-repeat":"repeat","background-position":"center center","background-size":"auto","background-attachment":"scroll","background-type":"","background-media":"","overlay-type":"","overlay-color":"","overlay-opacity":"","overlay-gradient":""},"mobile":{"background-color":"var(--ast-global-color-5)","background-image":"","background-repeat":"repeat","background-position":"center center","background-size":"auto","background-attachment":"scroll","background-type":"","background-media":"","overlay-type":"","overlay-color":"","overlay-opacity":"","overlay-gradient":""}},"footnotes":""},"class_list":["post-18217","page","type-page","status-publish","hentry"],"yoast_head":"<!-- This site is optimized with the Yoast SEO plugin v27.3 - https:\/\/yoast.com\/product\/yoast-seo-wordpress\/ -->\n<title>Datenschutzrichtlinie - Th\u00e9atre Antique d&#039;Orange<\/title>\n<meta name=\"robots\" content=\"index, follow, max-snippet:-1, max-image-preview:large, max-video-preview:-1\" \/>\n<link rel=\"canonical\" href=\"https:\/\/theatre-antique.com\/de\/datenschutzrichtlinie\/\" \/>\n<meta property=\"og:locale\" content=\"de_DE\" \/>\n<meta property=\"og:type\" content=\"article\" \/>\n<meta property=\"og:title\" content=\"Datenschutzrichtlinie - Th\u00e9atre Antique d&#039;Orange\" \/>\n<meta property=\"og:description\" content=\"&#013; Wer sind wir? &#013; &#013; Die Adresse unserer Website ist: https:\/\/theatre-antique.com. &#013; &#013; Medien &#013; &#013; Wenn Sie Bilder auf die Website hochladen, empfehlen wir Ihnen, das Hochladen von Bildern zu vermeiden, die EXIF-Daten von GPS-Koordinaten enthalten. Personen, die Ihre Website besuchen, k\u00f6nnen Standortdaten aus diesen Bildern herunterladen und extrahieren. &#013; &#013; Cookies &#013; [&hellip;]\" \/>\n<meta property=\"og:url\" content=\"https:\/\/theatre-antique.com\/de\/datenschutzrichtlinie\/\" \/>\n<meta property=\"og:site_name\" content=\"Th\u00e9atre Antique d&#039;Orange\" \/>\n<meta property=\"article:publisher\" content=\"https:\/\/www.facebook.com\/theatreantiqueorangeofficiel\" \/>\n<meta property=\"article:modified_time\" content=\"2026-01-09T15:32:59+00:00\" \/>\n<meta name=\"twitter:card\" content=\"summary_large_image\" \/>\n<meta name=\"twitter:site\" content=\"@TheatreAntique\" \/>\n<meta name=\"twitter:label1\" content=\"Gesch\u00e4tzte Lesezeit\" \/>\n\t<meta name=\"twitter:data1\" content=\"3\u00a0Minuten\" \/>\n<script type=\"application\/ld+json\" class=\"yoast-schema-graph\">{\"@context\":\"https:\\\/\\\/schema.org\",\"@graph\":[{\"@type\":\"WebPage\",\"@id\":\"https:\\\/\\\/theatre-antique.com\\\/de\\\/datenschutzrichtlinie\\\/\",\"url\":\"https:\\\/\\\/theatre-antique.com\\\/de\\\/datenschutzrichtlinie\\\/\",\"name\":\"Datenschutzrichtlinie - Th\u00e9atre Antique d&#039;Orange\",\"isPartOf\":{\"@id\":\"https:\\\/\\\/theatre-antique.com\\\/de\\\/#website\"},\"datePublished\":\"2025-03-19T15:55:16+00:00\",\"dateModified\":\"2026-01-09T15:32:59+00:00\",\"breadcrumb\":{\"@id\":\"https:\\\/\\\/theatre-antique.com\\\/de\\\/datenschutzrichtlinie\\\/#breadcrumb\"},\"inLanguage\":\"de\",\"potentialAction\":[{\"@type\":\"ReadAction\",\"target\":[\"https:\\\/\\\/theatre-antique.com\\\/de\\\/datenschutzrichtlinie\\\/\"]}]},{\"@type\":\"BreadcrumbList\",\"@id\":\"https:\\\/\\\/theatre-antique.com\\\/de\\\/datenschutzrichtlinie\\\/#breadcrumb\",\"itemListElement\":[{\"@type\":\"ListItem\",\"position\":1,\"name\":\"Accueil\",\"item\":\"https:\\\/\\\/theatre-antique.com\\\/de\\\/antikes-theater-in-orange\\\/\"},{\"@type\":\"ListItem\",\"position\":2,\"name\":\"Datenschutzrichtlinie\"}]},{\"@type\":\"WebSite\",\"@id\":\"https:\\\/\\\/theatre-antique.com\\\/de\\\/#website\",\"url\":\"https:\\\/\\\/theatre-antique.com\\\/de\\\/\",\"name\":\"Th\u00e9atre Antique d'Orange\",\"description\":\"Just another Astra Starter Templates site\",\"publisher\":{\"@id\":\"https:\\\/\\\/theatre-antique.com\\\/de\\\/#organization\"},\"potentialAction\":[{\"@type\":\"SearchAction\",\"target\":{\"@type\":\"EntryPoint\",\"urlTemplate\":\"https:\\\/\\\/theatre-antique.com\\\/de\\\/?s={search_term_string}\"},\"query-input\":{\"@type\":\"PropertyValueSpecification\",\"valueRequired\":true,\"valueName\":\"search_term_string\"}}],\"inLanguage\":\"de\"},{\"@type\":\"Organization\",\"@id\":\"https:\\\/\\\/theatre-antique.com\\\/de\\\/#organization\",\"name\":\"Th\u00e9atre Antique d'Orange\",\"url\":\"https:\\\/\\\/theatre-antique.com\\\/de\\\/\",\"logo\":{\"@type\":\"ImageObject\",\"inLanguage\":\"de\",\"@id\":\"https:\\\/\\\/theatre-antique.com\\\/de\\\/#\\\/schema\\\/logo\\\/image\\\/\",\"url\":\"https:\\\/\\\/theatre-antique.com\\\/wp-content\\\/uploads\\\/2024\\\/12\\\/logo-1-1.jpg\",\"contentUrl\":\"https:\\\/\\\/theatre-antique.com\\\/wp-content\\\/uploads\\\/2024\\\/12\\\/logo-1-1.jpg\",\"width\":601,\"height\":161,\"caption\":\"Th\u00e9atre Antique d'Orange\"},\"image\":{\"@id\":\"https:\\\/\\\/theatre-antique.com\\\/de\\\/#\\\/schema\\\/logo\\\/image\\\/\"},\"sameAs\":[\"https:\\\/\\\/www.facebook.com\\\/theatreantiqueorangeofficiel\",\"https:\\\/\\\/x.com\\\/TheatreAntique\",\"https:\\\/\\\/www.instagram.com\\\/theatreantiquedorange_officiel\\\/\",\"https:\\\/\\\/www.linkedin.com\\\/company\\\/thtre-antique-d-orange\\\/\"]}]}<\/script>\n<!-- \/ Yoast SEO plugin. -->","yoast_head_json":{"title":"Datenschutzrichtlinie - Th\u00e9atre Antique d&#039;Orange","robots":{"index":"index","follow":"follow","max-snippet":"max-snippet:-1","max-image-preview":"max-image-preview:large","max-video-preview":"max-video-preview:-1"},"canonical":"https:\/\/theatre-antique.com\/de\/datenschutzrichtlinie\/","og_locale":"de_DE","og_type":"article","og_title":"Datenschutzrichtlinie - Th\u00e9atre Antique d&#039;Orange","og_description":"&#13; Wer sind wir? &#13; &#13; Die Adresse unserer Website ist: https:\/\/theatre-antique.com. &#13; &#13; Medien &#13; &#13; Wenn Sie Bilder auf die Website hochladen, empfehlen wir Ihnen, das Hochladen von Bildern zu vermeiden, die EXIF-Daten von GPS-Koordinaten enthalten. Personen, die Ihre Website besuchen, k\u00f6nnen Standortdaten aus diesen Bildern herunterladen und extrahieren. &#13; &#13; Cookies &#13; [&hellip;]","og_url":"https:\/\/theatre-antique.com\/de\/datenschutzrichtlinie\/","og_site_name":"Th\u00e9atre Antique d&#039;Orange","article_publisher":"https:\/\/www.facebook.com\/theatreantiqueorangeofficiel","article_modified_time":"2026-01-09T15:32:59+00:00","twitter_card":"summary_large_image","twitter_site":"@TheatreAntique","twitter_misc":{"Gesch\u00e4tzte Lesezeit":"3\u00a0Minuten"},"schema":{"@context":"https:\/\/schema.org","@graph":[{"@type":"WebPage","@id":"https:\/\/theatre-antique.com\/de\/datenschutzrichtlinie\/","url":"https:\/\/theatre-antique.com\/de\/datenschutzrichtlinie\/","name":"Datenschutzrichtlinie - Th\u00e9atre Antique d&#039;Orange","isPartOf":{"@id":"https:\/\/theatre-antique.com\/de\/#website"},"datePublished":"2025-03-19T15:55:16+00:00","dateModified":"2026-01-09T15:32:59+00:00","breadcrumb":{"@id":"https:\/\/theatre-antique.com\/de\/datenschutzrichtlinie\/#breadcrumb"},"inLanguage":"de","potentialAction":[{"@type":"ReadAction","target":["https:\/\/theatre-antique.com\/de\/datenschutzrichtlinie\/"]}]},{"@type":"BreadcrumbList","@id":"https:\/\/theatre-antique.com\/de\/datenschutzrichtlinie\/#breadcrumb","itemListElement":[{"@type":"ListItem","position":1,"name":"Accueil","item":"https:\/\/theatre-antique.com\/de\/antikes-theater-in-orange\/"},{"@type":"ListItem","position":2,"name":"Datenschutzrichtlinie"}]},{"@type":"WebSite","@id":"https:\/\/theatre-antique.com\/de\/#website","url":"https:\/\/theatre-antique.com\/de\/","name":"Th\u00e9atre Antique d'Orange","description":"Just another Astra Starter Templates site","publisher":{"@id":"https:\/\/theatre-antique.com\/de\/#organization"},"potentialAction":[{"@type":"SearchAction","target":{"@type":"EntryPoint","urlTemplate":"https:\/\/theatre-antique.com\/de\/?s={search_term_string}"},"query-input":{"@type":"PropertyValueSpecification","valueRequired":true,"valueName":"search_term_string"}}],"inLanguage":"de"},{"@type":"Organization","@id":"https:\/\/theatre-antique.com\/de\/#organization","name":"Th\u00e9atre Antique d'Orange","url":"https:\/\/theatre-antique.com\/de\/","logo":{"@type":"ImageObject","inLanguage":"de","@id":"https:\/\/theatre-antique.com\/de\/#\/schema\/logo\/image\/","url":"https:\/\/theatre-antique.com\/wp-content\/uploads\/2024\/12\/logo-1-1.jpg","contentUrl":"https:\/\/theatre-antique.com\/wp-content\/uploads\/2024\/12\/logo-1-1.jpg","width":601,"height":161,"caption":"Th\u00e9atre Antique d'Orange"},"image":{"@id":"https:\/\/theatre-antique.com\/de\/#\/schema\/logo\/image\/"},"sameAs":["https:\/\/www.facebook.com\/theatreantiqueorangeofficiel","https:\/\/x.com\/TheatreAntique","https:\/\/www.instagram.com\/theatreantiquedorange_officiel\/","https:\/\/www.linkedin.com\/company\/thtre-antique-d-orange\/"]}]}},"_links":{"self":[{"href":"https:\/\/theatre-antique.com\/de\/wp-json\/wp\/v2\/pages\/18217","targetHints":{"allow":["GET"]}}],"collection":[{"href":"https:\/\/theatre-antique.com\/de\/wp-json\/wp\/v2\/pages"}],"about":[{"href":"https:\/\/theatre-antique.com\/de\/wp-json\/wp\/v2\/types\/page"}],"author":[{"embeddable":true,"href":"https:\/\/theatre-antique.com\/de\/wp-json\/wp\/v2\/users\/2"}],"replies":[{"embeddable":true,"href":"https:\/\/theatre-antique.com\/de\/wp-json\/wp\/v2\/comments?post=18217"}],"version-history":[{"count":0,"href":"https:\/\/theatre-antique.com\/de\/wp-json\/wp\/v2\/pages\/18217\/revisions"}],"wp:attachment":[{"href":"https:\/\/theatre-antique.com\/de\/wp-json\/wp\/v2\/media?parent=18217"}],"curies":[{"name":"wp","href":"https:\/\/api.w.org\/{rel}","templated":true}]}}