{"id":17985,"date":"2025-05-25T23:49:04","date_gmt":"2025-05-25T21:49:04","guid":{"rendered":"https:\/\/theatre-antique.com\/arco-del-triunfo\/"},"modified":"2026-04-07T16:12:05","modified_gmt":"2026-04-07T14:12:05","slug":"arco-del-triunfo","status":"publish","type":"page","link":"https:\/\/theatre-antique.com\/es\/arco-del-triunfo\/","title":{"rendered":"Arco del Triunfo"},"content":{"rendered":"\t\t<div data-elementor-type=\"wp-page\" data-elementor-id=\"17985\" class=\"elementor elementor-17985 elementor-17704\" data-elementor-post-type=\"page\">\n\t\t\t\t<div class=\"elementor-element elementor-element-12da7b97 e-flex e-con-boxed e-con e-parent\" data-id=\"12da7b97\" data-element_type=\"container\" data-e-type=\"container\">\n\t\t\t\t\t<div class=\"e-con-inner\">\n\t\t<div class=\"elementor-element elementor-element-22a4696b e-con-full e-flex e-con e-child\" data-id=\"22a4696b\" data-element_type=\"container\" data-e-type=\"container\">\n\t\t\t\t<div class=\"elementor-element elementor-element-64ce1d93 elementor-arrows-position-inside elementor-pagination-position-outside elementor-widget elementor-widget-image-carousel\" data-id=\"64ce1d93\" data-element_type=\"widget\" data-e-type=\"widget\" data-settings=\"{&quot;slides_to_show&quot;:&quot;1&quot;,&quot;effect&quot;:&quot;fade&quot;,&quot;navigation&quot;:&quot;both&quot;,&quot;autoplay&quot;:&quot;yes&quot;,&quot;pause_on_hover&quot;:&quot;yes&quot;,&quot;pause_on_interaction&quot;:&quot;yes&quot;,&quot;autoplay_speed&quot;:5000,&quot;infinite&quot;:&quot;yes&quot;,&quot;speed&quot;:500}\" data-widget_type=\"image-carousel.default\">\n\t\t\t\t<div class=\"elementor-widget-container\">\n\t\t\t\t\t\t\t<div class=\"elementor-image-carousel-wrapper swiper\" role=\"region\" aria-roledescription=\"carousel\" aria-label=\"Carrousel d\u2019images\" dir=\"ltr\">\n\t\t\t<div class=\"elementor-image-carousel swiper-wrapper\" aria-live=\"off\">\n\t\t\t\t\t\t\t\t<div class=\"swiper-slide\" role=\"group\" aria-roledescription=\"slide\" aria-label=\"1 de 5\"><figure class=\"swiper-slide-inner\"><img decoding=\"async\" class=\"swiper-slide-image\" src=\"https:\/\/theatre-antique.com\/wp-content\/uploads\/2025\/05\/Orange-63_edited-1024x683.jpg\" alt=\"Orange-63_edited\" \/><\/figure><\/div><div class=\"swiper-slide\" role=\"group\" aria-roledescription=\"slide\" aria-label=\"2 de 5\"><figure class=\"swiper-slide-inner\"><img decoding=\"async\" class=\"swiper-slide-image\" src=\"https:\/\/theatre-antique.com\/wp-content\/uploads\/2025\/05\/Orange-23-01-1024x699.jpg\" alt=\"Orange-23-01\" \/><\/figure><\/div><div class=\"swiper-slide\" role=\"group\" aria-roledescription=\"slide\" aria-label=\"3 de 5\"><figure class=\"swiper-slide-inner\"><img decoding=\"async\" class=\"swiper-slide-image\" src=\"https:\/\/theatre-antique.com\/wp-content\/uploads\/2025\/05\/Orange-24-01-1024x683.jpg\" alt=\"Orange-24-01\" \/><\/figure><\/div><div class=\"swiper-slide\" role=\"group\" aria-roledescription=\"slide\" aria-label=\"4 de 5\"><figure class=\"swiper-slide-inner\"><img decoding=\"async\" class=\"swiper-slide-image\" src=\"https:\/\/theatre-antique.com\/wp-content\/uploads\/2025\/05\/Orange-25-01-1024x683.jpg\" alt=\"Orange-25-01\" \/><\/figure><\/div><div class=\"swiper-slide\" role=\"group\" aria-roledescription=\"slide\" aria-label=\"5 de 5\"><figure class=\"swiper-slide-inner\"><img decoding=\"async\" class=\"swiper-slide-image\" src=\"https:\/\/theatre-antique.com\/wp-content\/uploads\/2025\/05\/Orange-26-01-1024x683.jpg\" alt=\"Orange-26-01\" \/><\/figure><\/div>\t\t\t<\/div>\n\t\t\t\t\t\t\t\t\t\t\t\t<div class=\"elementor-swiper-button elementor-swiper-button-prev\" role=\"button\" tabindex=\"0\">\n\t\t\t\t\t\t<svg aria-hidden=\"true\" class=\"e-font-icon-svg e-eicon-chevron-left\" viewBox=\"0 0 1000 1000\" xmlns=\"http:\/\/www.w3.org\/2000\/svg\"><path d=\"M646 125C629 125 613 133 604 142L308 442C296 454 292 471 292 487 292 504 296 521 308 533L604 854C617 867 629 875 646 875 663 875 679 871 692 858 704 846 713 829 713 812 713 796 708 779 692 767L438 487 692 225C700 217 708 204 708 187 708 171 704 154 692 142 675 129 663 125 646 125Z\"><\/path><\/svg>\t\t\t\t\t<\/div>\n\t\t\t\t\t<div class=\"elementor-swiper-button elementor-swiper-button-next\" role=\"button\" tabindex=\"0\">\n\t\t\t\t\t\t<svg aria-hidden=\"true\" class=\"e-font-icon-svg e-eicon-chevron-right\" viewBox=\"0 0 1000 1000\" xmlns=\"http:\/\/www.w3.org\/2000\/svg\"><path d=\"M696 533C708 521 713 504 713 487 713 471 708 454 696 446L400 146C388 133 375 125 354 125 338 125 325 129 313 142 300 154 292 171 292 187 292 204 296 221 308 233L563 492 304 771C292 783 288 800 288 817 288 833 296 850 308 863 321 871 338 875 354 875 371 875 388 867 400 854L696 533Z\"><\/path><\/svg>\t\t\t\t\t<\/div>\n\t\t\t\t\n\t\t\t\t\t\t\t\t\t<div class=\"swiper-pagination\"><\/div>\n\t\t\t\t\t\t\t\t\t<\/div>\n\t\t\t\t\t\t<\/div>\n\t\t\t\t<\/div>\n\t\t\t\t<\/div>\n\t\t<div class=\"elementor-element elementor-element-35bc96f2 e-con-full e-flex e-con e-child\" data-id=\"35bc96f2\" data-element_type=\"container\" data-e-type=\"container\">\n\t\t\t\t<div class=\"elementor-element elementor-element-1a2d7704 uael-heading-align-left elementor-widget elementor-widget-uael-advanced-heading\" data-id=\"1a2d7704\" data-element_type=\"widget\" data-e-type=\"widget\" data-widget_type=\"uael-advanced-heading.default\">\n\t\t\t\t<div class=\"elementor-widget-container\">\n\t\t\t\t\t\n\t\t<div class=\"uael-module-content uael-heading-wrapper\">\n\t\t\t\t\t\t\n\t\t\t<h1 class=\"uael-heading\">\n\t\t\t\t\t\t\t\t\t\t<span class=\"uael-heading-text elementor-inline-editing uael-size--xxl\" data-elementor-setting-key=\"heading_title\" data-elementor-inline-editing-toolbar=\"basic\">Triunfo del Arco de\n<\/span>\n\t\t\t\t\t\t\t<\/h1>\n\n\t\t\t\t\t\t\t<div class=\"uael-sub-heading elementor-inline-editing\" data-elementor-setting-key=\"sub_heading\" data-elementor-inline-editing-toolbar=\"advanced\" >CONTEMPLA ESTE SITIO NOTABLE E IMPERDIBLE<\/div>\n\t\t\t\n\t\t\t\n\t\t\t\n\t\t\t\t\t\t\t<div class=\"uael-module-content uael-separator-parent\">\n\t\t\t\t\t\t\t\t\t\t\t\t\t<div class=\"uael-separator\"><\/div>\n\t\t\t\t\t\t\t<\/div>\n\t\t\t\t\t<\/div>\n\t\t\t\t\t\t<\/div>\n\t\t\t\t<\/div>\n\t\t\t\t<div class=\"elementor-element elementor-element-77dc8d9a elementor-widget elementor-widget-text-editor\" data-id=\"77dc8d9a\" data-element_type=\"widget\" data-e-type=\"widget\" data-widget_type=\"text-editor.default\">\n\t\t\t\t<div class=\"elementor-widget-container\">\n\t\t\t\t\t\t\t\t\tOtro testimonio de la grandeza romana en Orange, el Arco del Triunfo es tambi\u00e9n Patrimonio Mundial de la UNESCO.\nEste arco urbano de impresionantes dimensiones, con m\u00e1s de 19 m de largo y 20 m de alto, sirvi\u00f3 de puerta de entrada a la ciudad romana de Arausio en el siglo I d.C.\n\nConstruido bajo Tiberio como homenaje a los veteranos de la 2\u00aa Legi\u00f3n Gala de C\u00e9sar, fundadores de la ciudad, es un monumento excepcional del arte romano.\nCompuesto por tres cruj\u00edas y un doble \u00e1tico, est\u00e1 ricamente decorado con paneles de armas que conmemoran las victorias del ej\u00e9rcito romano sobre los pueblos b\u00e1rbaros: escudos, cascos, ense\u00f1as y atributos mar\u00edtimos excepcionales dan testimonio de la supremac\u00eda de Roma.\t\t\t\t\t\t\t\t<\/div>\n\t\t\t\t<\/div>\n\t\t\t\t<\/div>\n\t\t\t\t\t<\/div>\n\t\t\t\t<\/div>\n\t\t<div class=\"elementor-element elementor-element-93972a8 e-flex e-con-boxed e-con e-parent\" data-id=\"93972a8\" data-element_type=\"container\" data-e-type=\"container\">\n\t\t\t\t\t<div class=\"e-con-inner\">\n\t\t<div class=\"elementor-element elementor-element-67976f6 e-con-full e-flex e-con e-child\" data-id=\"67976f6\" data-element_type=\"container\" data-e-type=\"container\">\n\t\t\t\t<div class=\"elementor-element elementor-element-73fea9a elementor-widget elementor-widget-heading\" data-id=\"73fea9a\" data-element_type=\"widget\" data-e-type=\"widget\" data-widget_type=\"heading.default\">\n\t\t\t\t<div class=\"elementor-widget-container\">\n\t\t\t\t\t<h2 class=\"elementor-heading-title elementor-size-default\">ruta sonora<\/h2>\t\t\t\t<\/div>\n\t\t\t\t<\/div>\n\t\t\t\t<div class=\"elementor-element elementor-element-47b27b4 elementor-widget elementor-widget-text-editor\" data-id=\"47b27b4\" data-element_type=\"widget\" data-e-type=\"widget\" data-widget_type=\"text-editor.default\">\n\t\t\t\t<div class=\"elementor-widget-container\">\n\t\t\t\t\t\t\t\t\t<p>A partir de la primavera de 2023, descubre un recorrido sonoro compuesto por 12 estaciones de escucha repartidas por el Arco del Triunfo.<\/p><p>D\u00e9jate llevar por 12 historias, una por cada mes del a\u00f1o, para dar un paseo por el tiempo.<\/p>\t\t\t\t\t\t\t\t<\/div>\n\t\t\t\t<\/div>\n\t\t\t\t<div class=\"elementor-element elementor-element-3757c5d5 elementor-widget elementor-widget-heading\" data-id=\"3757c5d5\" data-element_type=\"widget\" data-e-type=\"widget\" data-widget_type=\"heading.default\">\n\t\t\t\t<div class=\"elementor-widget-container\">\n\t\t\t\t\t<h3 class=\"elementor-heading-title elementor-size-default\">horarios de apertura<\/h3>\t\t\t\t<\/div>\n\t\t\t\t<\/div>\n\t\t\t\t<div class=\"elementor-element elementor-element-96fd469 elementor-widget elementor-widget-uael-business-hours\" data-id=\"96fd469\" data-element_type=\"widget\" data-e-type=\"widget\" data-settings=\"{&quot;section_bs_list_padding&quot;:{&quot;unit&quot;:&quot;px&quot;,&quot;top&quot;:&quot;6&quot;,&quot;right&quot;:&quot;0&quot;,&quot;bottom&quot;:&quot;6&quot;,&quot;left&quot;:&quot;11&quot;,&quot;isLinked&quot;:false},&quot;business_hours_day_align&quot;:&quot;left&quot;,&quot;business_hours_time_align&quot;:&quot;center&quot;,&quot;section_bs_list_padding_mobile&quot;:{&quot;unit&quot;:&quot;px&quot;,&quot;top&quot;:&quot;4&quot;,&quot;right&quot;:&quot;0&quot;,&quot;bottom&quot;:&quot;4&quot;,&quot;left&quot;:&quot;6&quot;,&quot;isLinked&quot;:false},&quot;section_bs_list_padding_tablet&quot;:{&quot;unit&quot;:&quot;px&quot;,&quot;top&quot;:&quot;&quot;,&quot;right&quot;:&quot;&quot;,&quot;bottom&quot;:&quot;&quot;,&quot;left&quot;:&quot;&quot;,&quot;isLinked&quot;:true}}\" data-widget_type=\"uael-business-hours.default\">\n\t\t\t\t<div class=\"elementor-widget-container\">\n\t\t\t\t\t\t<div class=\"uael-business-scheduler-box-wrapper\">\n\t\t\t<div class=\"uael-days\">\n\t\t\t\t\t\t\t<!-- CURRENT_ITEM div -->\n\t\t\t\t<div class=\"elementor-repeater-item-907d74b top-border-divider stripes\">\n\t\t\t\t\t<div class=\"uael-inner\">\n\t\t\t\t\t\t<span class=\"heading-date uael-business-day\">\n\t\t\t\t\t\t\t<span>Abierto todos los d\u00edas con acceso gratuito<\/span>\n\t\t\t\t\t\t<\/span>\n\n\t\t\t\t\t\t<span class=\"heading-time uael-business-time\">\n\t\t\t\t\t\t\t<span class=\"inner-heading-time\">\n\t\t\t\t\t\t\t\t<span>de 9.00 a 20.30 h.<\/span>\n\t\t\t\t\t\t\t<\/span>\n\t\t\t\t\t\t<\/span>\n\t\t\t\t\t<\/div>\n\t\t\t\t<\/div>\n\t\t\t\t\t\t<\/div>\n\t\t<\/div>\n\t\t\t\t\t<\/div>\n\t\t\t\t<\/div>\n\t\t\t\t<\/div>\n\t\t\t\t<div class=\"elementor-element elementor-element-303278d elementor-widget elementor-widget-image\" data-id=\"303278d\" data-element_type=\"widget\" data-e-type=\"widget\" data-widget_type=\"image.default\">\n\t\t\t\t<div class=\"elementor-widget-container\">\n\t\t\t\t\t\t\t\t\t\t\t\t\t\t\t<img fetchpriority=\"high\" decoding=\"async\" width=\"608\" height=\"405\" src=\"https:\/\/theatre-antique.com\/wp-content\/uploads\/2025\/05\/Arc-siege.jpg\" class=\"attachment-large size-large wp-image-17278\" alt=\"\" srcset=\"https:\/\/theatre-antique.com\/wp-content\/uploads\/2025\/05\/Arc-siege.jpg 608w, https:\/\/theatre-antique.com\/wp-content\/uploads\/2025\/05\/Arc-siege-300x200.jpg 300w, https:\/\/theatre-antique.com\/wp-content\/uploads\/2025\/05\/Arc-siege-600x400.jpg 600w\" sizes=\"(max-width: 608px) 100vw, 608px\" \/>\t\t\t\t\t\t\t\t\t\t\t\t\t\t\t<\/div>\n\t\t\t\t<\/div>\n\t\t\t\t\t<\/div>\n\t\t\t\t<\/div>\n\t\t\t\t<\/div>\n\t\t","protected":false},"excerpt":{"rendered":"<p>Triunfo del Arco de CONTEMPLA ESTE SITIO NOTABLE E IMPERDIBLE Otro testimonio de la grandeza romana en Orange, el Arco del Triunfo es tambi\u00e9n Patrimonio Mundial de la UNESCO. Este arco urbano de impresionantes dimensiones, con m\u00e1s de 19 m de largo y 20 m de alto, sirvi\u00f3 de puerta de entrada a la ciudad [&hellip;]<\/p>\n","protected":false},"author":2,"featured_media":0,"parent":0,"menu_order":0,"comment_status":"closed","ping_status":"closed","template":"","meta":{"site-sidebar-layout":"no-sidebar","site-content-layout":"page-builder","ast-site-content-layout":"full-width-container","site-content-style":"unboxed","site-sidebar-style":"unboxed","ast-global-header-display":"","ast-banner-title-visibility":"","ast-main-header-display":"","ast-hfb-above-header-display":"","ast-hfb-below-header-display":"","ast-hfb-mobile-header-display":"","site-post-title":"disabled","ast-breadcrumbs-content":"","ast-featured-img":"disabled","footer-sml-layout":"","ast-disable-related-posts":"","theme-transparent-header-meta":"default","adv-header-id-meta":"","stick-header-meta":"default","header-above-stick-meta":"","header-main-stick-meta":"","header-below-stick-meta":"","astra-migrate-meta-layouts":"default","ast-page-background-enabled":"default","ast-page-background-meta":{"desktop":{"background-color":"var(--ast-global-color-4)","background-image":"","background-repeat":"repeat","background-position":"center center","background-size":"auto","background-attachment":"scroll","background-type":"","background-media":"","overlay-type":"","overlay-color":"","overlay-opacity":"","overlay-gradient":""},"tablet":{"background-color":"","background-image":"","background-repeat":"repeat","background-position":"center center","background-size":"auto","background-attachment":"scroll","background-type":"","background-media":"","overlay-type":"","overlay-color":"","overlay-opacity":"","overlay-gradient":""},"mobile":{"background-color":"","background-image":"","background-repeat":"repeat","background-position":"center center","background-size":"auto","background-attachment":"scroll","background-type":"","background-media":"","overlay-type":"","overlay-color":"","overlay-opacity":"","overlay-gradient":""}},"ast-content-background-meta":{"desktop":{"background-color":"var(--ast-global-color-5)","background-image":"","background-repeat":"repeat","background-position":"center center","background-size":"auto","background-attachment":"scroll","background-type":"","background-media":"","overlay-type":"","overlay-color":"","overlay-opacity":"","overlay-gradient":""},"tablet":{"background-color":"var(--ast-global-color-5)","background-image":"","background-repeat":"repeat","background-position":"center center","background-size":"auto","background-attachment":"scroll","background-type":"","background-media":"","overlay-type":"","overlay-color":"","overlay-opacity":"","overlay-gradient":""},"mobile":{"background-color":"var(--ast-global-color-5)","background-image":"","background-repeat":"repeat","background-position":"center center","background-size":"auto","background-attachment":"scroll","background-type":"","background-media":"","overlay-type":"","overlay-color":"","overlay-opacity":"","overlay-gradient":""}},"footnotes":""},"class_list":["post-17985","page","type-page","status-publish","hentry"],"yoast_head":"<!-- This site is optimized with the Yoast SEO plugin v27.3 - https:\/\/yoast.com\/product\/yoast-seo-wordpress\/ -->\n<title>Arco del Triunfo de Orange | Monumento romano clasificado por la UNESCO<\/title>\n<meta name=\"description\" content=\"Descubre el Arco del Triunfo de Orange, excepcional monumento romano inscrito en la Lista del Patrimonio Mundial de la UNESCO. Historia, arquitectura, decoraci\u00f3n esculpida e informaci\u00f3n para ayudarte a organizar tu visita.\" \/>\n<meta name=\"robots\" content=\"index, follow, max-snippet:-1, max-image-preview:large, max-video-preview:-1\" \/>\n<link rel=\"canonical\" href=\"https:\/\/theatre-antique.com\/es\/arco-del-triunfo\/\" \/>\n<meta property=\"og:locale\" content=\"es_ES\" \/>\n<meta property=\"og:type\" content=\"article\" \/>\n<meta property=\"og:title\" content=\"Arco del Triunfo de Orange | Monumento romano clasificado por la UNESCO\" \/>\n<meta property=\"og:description\" content=\"Descubre el Arco del Triunfo de Orange, excepcional monumento romano inscrito en la Lista del Patrimonio Mundial de la UNESCO. Historia, arquitectura, decoraci\u00f3n esculpida e informaci\u00f3n para ayudarte a organizar tu visita.\" \/>\n<meta property=\"og:url\" content=\"https:\/\/theatre-antique.com\/es\/arco-del-triunfo\/\" \/>\n<meta property=\"og:site_name\" content=\"Th\u00e9atre Antique d&#039;Orange\" \/>\n<meta property=\"article:publisher\" content=\"https:\/\/www.facebook.com\/theatreantiqueorangeofficiel\" \/>\n<meta property=\"article:modified_time\" content=\"2026-04-07T14:12:05+00:00\" \/>\n<meta property=\"og:image\" content=\"https:\/\/theatre-antique.com\/wp-content\/uploads\/2025\/05\/Orange-63_edited-1024x683.jpg\" \/>\n<meta name=\"twitter:card\" content=\"summary_large_image\" \/>\n<meta name=\"twitter:site\" content=\"@TheatreAntique\" \/>\n<meta name=\"twitter:label1\" content=\"Tiempo de lectura\" \/>\n\t<meta name=\"twitter:data1\" content=\"1 minuto\" \/>\n<script type=\"application\/ld+json\" class=\"yoast-schema-graph\">{\"@context\":\"https:\\\/\\\/schema.org\",\"@graph\":[{\"@type\":\"WebPage\",\"@id\":\"https:\\\/\\\/theatre-antique.com\\\/es\\\/arco-del-triunfo\\\/\",\"url\":\"https:\\\/\\\/theatre-antique.com\\\/es\\\/arco-del-triunfo\\\/\",\"name\":\"Arco del Triunfo de Orange | Monumento romano clasificado por la UNESCO\",\"isPartOf\":{\"@id\":\"https:\\\/\\\/theatre-antique.com\\\/es\\\/#website\"},\"primaryImageOfPage\":{\"@id\":\"https:\\\/\\\/theatre-antique.com\\\/es\\\/arco-del-triunfo\\\/#primaryimage\"},\"image\":{\"@id\":\"https:\\\/\\\/theatre-antique.com\\\/es\\\/arco-del-triunfo\\\/#primaryimage\"},\"thumbnailUrl\":\"https:\\\/\\\/theatre-antique.com\\\/wp-content\\\/uploads\\\/2025\\\/05\\\/Orange-63_edited-1024x683.jpg\",\"datePublished\":\"2025-05-25T21:49:04+00:00\",\"dateModified\":\"2026-04-07T14:12:05+00:00\",\"description\":\"Descubre el Arco del Triunfo de Orange, excepcional monumento romano inscrito en la Lista del Patrimonio Mundial de la UNESCO. Historia, arquitectura, decoraci\u00f3n esculpida e informaci\u00f3n para ayudarte a organizar tu visita.\",\"breadcrumb\":{\"@id\":\"https:\\\/\\\/theatre-antique.com\\\/es\\\/arco-del-triunfo\\\/#breadcrumb\"},\"inLanguage\":\"es\",\"potentialAction\":[{\"@type\":\"ReadAction\",\"target\":[\"https:\\\/\\\/theatre-antique.com\\\/es\\\/arco-del-triunfo\\\/\"]}]},{\"@type\":\"ImageObject\",\"inLanguage\":\"es\",\"@id\":\"https:\\\/\\\/theatre-antique.com\\\/es\\\/arco-del-triunfo\\\/#primaryimage\",\"url\":\"https:\\\/\\\/theatre-antique.com\\\/wp-content\\\/uploads\\\/2025\\\/05\\\/Orange-63_edited-1024x683.jpg\",\"contentUrl\":\"https:\\\/\\\/theatre-antique.com\\\/wp-content\\\/uploads\\\/2025\\\/05\\\/Orange-63_edited-1024x683.jpg\"},{\"@type\":\"BreadcrumbList\",\"@id\":\"https:\\\/\\\/theatre-antique.com\\\/es\\\/arco-del-triunfo\\\/#breadcrumb\",\"itemListElement\":[{\"@type\":\"ListItem\",\"position\":1,\"name\":\"Accueil\",\"item\":\"https:\\\/\\\/theatre-antique.com\\\/es\\\/teatro-antiguo-de-orange\\\/\"},{\"@type\":\"ListItem\",\"position\":2,\"name\":\"Arco del Triunfo\"}]},{\"@type\":\"WebSite\",\"@id\":\"https:\\\/\\\/theatre-antique.com\\\/es\\\/#website\",\"url\":\"https:\\\/\\\/theatre-antique.com\\\/es\\\/\",\"name\":\"Th\u00e9atre Antique d'Orange\",\"description\":\"Just another Astra Starter Templates site\",\"publisher\":{\"@id\":\"https:\\\/\\\/theatre-antique.com\\\/es\\\/#organization\"},\"potentialAction\":[{\"@type\":\"SearchAction\",\"target\":{\"@type\":\"EntryPoint\",\"urlTemplate\":\"https:\\\/\\\/theatre-antique.com\\\/es\\\/?s={search_term_string}\"},\"query-input\":{\"@type\":\"PropertyValueSpecification\",\"valueRequired\":true,\"valueName\":\"search_term_string\"}}],\"inLanguage\":\"es\"},{\"@type\":\"Organization\",\"@id\":\"https:\\\/\\\/theatre-antique.com\\\/es\\\/#organization\",\"name\":\"Th\u00e9atre Antique d'Orange\",\"url\":\"https:\\\/\\\/theatre-antique.com\\\/es\\\/\",\"logo\":{\"@type\":\"ImageObject\",\"inLanguage\":\"es\",\"@id\":\"https:\\\/\\\/theatre-antique.com\\\/es\\\/#\\\/schema\\\/logo\\\/image\\\/\",\"url\":\"https:\\\/\\\/theatre-antique.com\\\/wp-content\\\/uploads\\\/2024\\\/12\\\/logo-1-1.jpg\",\"contentUrl\":\"https:\\\/\\\/theatre-antique.com\\\/wp-content\\\/uploads\\\/2024\\\/12\\\/logo-1-1.jpg\",\"width\":601,\"height\":161,\"caption\":\"Th\u00e9atre Antique d'Orange\"},\"image\":{\"@id\":\"https:\\\/\\\/theatre-antique.com\\\/es\\\/#\\\/schema\\\/logo\\\/image\\\/\"},\"sameAs\":[\"https:\\\/\\\/www.facebook.com\\\/theatreantiqueorangeofficiel\",\"https:\\\/\\\/x.com\\\/TheatreAntique\",\"https:\\\/\\\/www.instagram.com\\\/theatreantiquedorange_officiel\\\/\",\"https:\\\/\\\/www.linkedin.com\\\/company\\\/thtre-antique-d-orange\\\/\"]}]}<\/script>\n<!-- \/ Yoast SEO plugin. -->","yoast_head_json":{"title":"Arco del Triunfo de Orange | Monumento romano clasificado por la UNESCO","description":"Descubre el Arco del Triunfo de Orange, excepcional monumento romano inscrito en la Lista del Patrimonio Mundial de la UNESCO. Historia, arquitectura, decoraci\u00f3n esculpida e informaci\u00f3n para ayudarte a organizar tu visita.","robots":{"index":"index","follow":"follow","max-snippet":"max-snippet:-1","max-image-preview":"max-image-preview:large","max-video-preview":"max-video-preview:-1"},"canonical":"https:\/\/theatre-antique.com\/es\/arco-del-triunfo\/","og_locale":"es_ES","og_type":"article","og_title":"Arco del Triunfo de Orange | Monumento romano clasificado por la UNESCO","og_description":"Descubre el Arco del Triunfo de Orange, excepcional monumento romano inscrito en la Lista del Patrimonio Mundial de la UNESCO. Historia, arquitectura, decoraci\u00f3n esculpida e informaci\u00f3n para ayudarte a organizar tu visita.","og_url":"https:\/\/theatre-antique.com\/es\/arco-del-triunfo\/","og_site_name":"Th\u00e9atre Antique d&#039;Orange","article_publisher":"https:\/\/www.facebook.com\/theatreantiqueorangeofficiel","article_modified_time":"2026-04-07T14:12:05+00:00","og_image":[{"url":"https:\/\/theatre-antique.com\/wp-content\/uploads\/2025\/05\/Orange-63_edited-1024x683.jpg","type":"","width":"","height":""}],"twitter_card":"summary_large_image","twitter_site":"@TheatreAntique","twitter_misc":{"Tiempo de lectura":"1 minuto"},"schema":{"@context":"https:\/\/schema.org","@graph":[{"@type":"WebPage","@id":"https:\/\/theatre-antique.com\/es\/arco-del-triunfo\/","url":"https:\/\/theatre-antique.com\/es\/arco-del-triunfo\/","name":"Arco del Triunfo de Orange | Monumento romano clasificado por la UNESCO","isPartOf":{"@id":"https:\/\/theatre-antique.com\/es\/#website"},"primaryImageOfPage":{"@id":"https:\/\/theatre-antique.com\/es\/arco-del-triunfo\/#primaryimage"},"image":{"@id":"https:\/\/theatre-antique.com\/es\/arco-del-triunfo\/#primaryimage"},"thumbnailUrl":"https:\/\/theatre-antique.com\/wp-content\/uploads\/2025\/05\/Orange-63_edited-1024x683.jpg","datePublished":"2025-05-25T21:49:04+00:00","dateModified":"2026-04-07T14:12:05+00:00","description":"Descubre el Arco del Triunfo de Orange, excepcional monumento romano inscrito en la Lista del Patrimonio Mundial de la UNESCO. Historia, arquitectura, decoraci\u00f3n esculpida e informaci\u00f3n para ayudarte a organizar tu visita.","breadcrumb":{"@id":"https:\/\/theatre-antique.com\/es\/arco-del-triunfo\/#breadcrumb"},"inLanguage":"es","potentialAction":[{"@type":"ReadAction","target":["https:\/\/theatre-antique.com\/es\/arco-del-triunfo\/"]}]},{"@type":"ImageObject","inLanguage":"es","@id":"https:\/\/theatre-antique.com\/es\/arco-del-triunfo\/#primaryimage","url":"https:\/\/theatre-antique.com\/wp-content\/uploads\/2025\/05\/Orange-63_edited-1024x683.jpg","contentUrl":"https:\/\/theatre-antique.com\/wp-content\/uploads\/2025\/05\/Orange-63_edited-1024x683.jpg"},{"@type":"BreadcrumbList","@id":"https:\/\/theatre-antique.com\/es\/arco-del-triunfo\/#breadcrumb","itemListElement":[{"@type":"ListItem","position":1,"name":"Accueil","item":"https:\/\/theatre-antique.com\/es\/teatro-antiguo-de-orange\/"},{"@type":"ListItem","position":2,"name":"Arco del Triunfo"}]},{"@type":"WebSite","@id":"https:\/\/theatre-antique.com\/es\/#website","url":"https:\/\/theatre-antique.com\/es\/","name":"Th\u00e9atre Antique d'Orange","description":"Just another Astra Starter Templates site","publisher":{"@id":"https:\/\/theatre-antique.com\/es\/#organization"},"potentialAction":[{"@type":"SearchAction","target":{"@type":"EntryPoint","urlTemplate":"https:\/\/theatre-antique.com\/es\/?s={search_term_string}"},"query-input":{"@type":"PropertyValueSpecification","valueRequired":true,"valueName":"search_term_string"}}],"inLanguage":"es"},{"@type":"Organization","@id":"https:\/\/theatre-antique.com\/es\/#organization","name":"Th\u00e9atre Antique d'Orange","url":"https:\/\/theatre-antique.com\/es\/","logo":{"@type":"ImageObject","inLanguage":"es","@id":"https:\/\/theatre-antique.com\/es\/#\/schema\/logo\/image\/","url":"https:\/\/theatre-antique.com\/wp-content\/uploads\/2024\/12\/logo-1-1.jpg","contentUrl":"https:\/\/theatre-antique.com\/wp-content\/uploads\/2024\/12\/logo-1-1.jpg","width":601,"height":161,"caption":"Th\u00e9atre Antique d'Orange"},"image":{"@id":"https:\/\/theatre-antique.com\/es\/#\/schema\/logo\/image\/"},"sameAs":["https:\/\/www.facebook.com\/theatreantiqueorangeofficiel","https:\/\/x.com\/TheatreAntique","https:\/\/www.instagram.com\/theatreantiquedorange_officiel\/","https:\/\/www.linkedin.com\/company\/thtre-antique-d-orange\/"]}]}},"_links":{"self":[{"href":"https:\/\/theatre-antique.com\/es\/wp-json\/wp\/v2\/pages\/17985","targetHints":{"allow":["GET"]}}],"collection":[{"href":"https:\/\/theatre-antique.com\/es\/wp-json\/wp\/v2\/pages"}],"about":[{"href":"https:\/\/theatre-antique.com\/es\/wp-json\/wp\/v2\/types\/page"}],"author":[{"embeddable":true,"href":"https:\/\/theatre-antique.com\/es\/wp-json\/wp\/v2\/users\/2"}],"replies":[{"embeddable":true,"href":"https:\/\/theatre-antique.com\/es\/wp-json\/wp\/v2\/comments?post=17985"}],"version-history":[{"count":0,"href":"https:\/\/theatre-antique.com\/es\/wp-json\/wp\/v2\/pages\/17985\/revisions"}],"wp:attachment":[{"href":"https:\/\/theatre-antique.com\/es\/wp-json\/wp\/v2\/media?parent=17985"}],"curies":[{"name":"wp","href":"https:\/\/api.w.org\/{rel}","templated":true}]}}