{"id":18041,"date":"2025-04-03T19:08:59","date_gmt":"2025-04-03T17:08:59","guid":{"rendered":"https:\/\/theatre-antique.com\/informacion-legal\/"},"modified":"2026-01-09T16:15:45","modified_gmt":"2026-01-09T15:15:45","slug":"informacion-legal","status":"publish","type":"page","link":"https:\/\/theatre-antique.com\/es\/informacion-legal\/","title":{"rendered":"Informaci\u00f3n legal"},"content":{"rendered":"<p><strong>Informaci\u00f3n legal<\/strong><br \/>\nLee atentamente estas condiciones de uso antes de utilizar este sitio web. Al conectarte a este sitio, aceptas estos t\u00e9rminos y condiciones sin reservas. De conformidad con el art\u00edculo 6 de la Ley n\u00ba 2004-575 de 21 de junio de 2004 sobre la confianza en la econom\u00eda digital, las personas responsables de este sitio web www.theatre-antique.com son :  <\/p>\n<p><strong>Editor del sitio :<\/strong><\/p>\n<p>Edeis Orange<br \/>\nN\u00daMERO DE SIRENA: 911403400<br \/>\nDirectora editorial: Julia Pons<\/p>\n<p>P\u00e1gina web: www.theatre-antique.com<\/p>\n<p><strong>Alojamiento<\/strong>:<\/p>\n<p>GANDI<br \/>\n63\/65 63 BOULEVARD MASSENA 75013 PAR\u00cdS<\/p>\n<p><strong>Desarrollo :<\/strong><\/p>\n<p>Dimension&#8217;L<br \/>\nP\u00e1gina web: https:\/\/dimensionl.fr<\/p>\n<p><strong>Condiciones de uso :<\/strong><\/p>\n<p>Este sitio (www.theatre-antique.com ) est\u00e1 disponible en varios lenguajes web (HTML, HTML5, Javascript, CSS, etc.) para una mayor facilidad de uso y unos gr\u00e1ficos m\u00e1s agradables, te recomendamos que utilices navegadores modernos como Internet Explorer, Safari, Firefox, Google Chrome, etc&#8230;<\/p>\n<p>Edeis Orange hace todo lo posible por proporcionar informaci\u00f3n fiable y actualizar sus sitios web de forma fiable. Sin embargo, pueden producirse errores u omisiones. Por ello, los usuarios de Internet deben comprobar la exactitud de la informaci\u00f3n proporcionada por Edeis Orange y notificar cualquier cambio que consideren \u00fatil. Edeis Orange no se hace responsable en modo alguno del uso que se haga de esta informaci\u00f3n ni de los da\u00f1os directos o indirectos que puedan derivarse.   <\/p>\n<p>Cookies : El sitio web www.theatre-antique.com puede pedirte que aceptes cookies con fines estad\u00edsticos y de visualizaci\u00f3n. Una cookie es un fragmento de informaci\u00f3n que el servidor del sitio que est\u00e1s visitando coloca en tu disco duro. Contiene una serie de datos que se almacenan en tu ordenador en un simple archivo de texto al que un servidor accede para leer y registrar informaci\u00f3n. Algunas partes de este sitio no pueden utilizarse sin aceptar las cookies.   <\/p>\n<p>Enlaces de hipertexto : Los sitios web de Edeis Orange pueden proporcionar enlaces a otros sitios web u otros recursos disponibles en Internet. Edeis Orange no tiene ning\u00fan medio de controlar los sitios vinculados a sus sitios web. Edeis Orange no es responsable de la disponibilidad de dichos sitios y fuentes externas, ni los garantiza. No se hace responsable de ning\u00fan da\u00f1o derivado del contenido de estos sitios o fuentes externas, en particular de la informaci\u00f3n, productos o servicios que ofrecen, ni del uso que pueda hacerse de estos elementos. Los riesgos asociados a dicha utilizaci\u00f3n incumben plenamente al usuario de Internet, que debe respetar sus condiciones de uso.    <\/p>\n<p>Los usuarios, suscriptores y visitantes de los sitios web de Edeis Orange no podr\u00e1n establecer un hiperenlace a este sitio sin la autorizaci\u00f3n previa y expresa de Edeis Orange.<\/p>\n<p>En caso de que un usuario o visitante desee establecer un hiperenlace a uno de los sitios web de Edeis Orange, deber\u00e1 enviar un correo electr\u00f3nico al sitio para solicitar que se establezca un hiperenlace. Edeis Orange se reserva el derecho de aceptar o rechazar un hiperenlace sin tener que justificar su decisi\u00f3n. <\/p>\n<p><strong>Servicios prestados :<\/strong><\/p>\n<p>Todas las actividades e informaci\u00f3n de la empresa pueden consultarse en nuestra p\u00e1gina web www.theatre-antique.com.<\/p>\n<p>Edeis Orange se esfuerza por ofrecer en el sitio web www.theatre-antique.com informaci\u00f3n lo m\u00e1s exacta posible. La informaci\u00f3n del sitio web www.theatre-antique.com no es exhaustiva y las fotos no son contractuales. Se facilita a reserva de las modificaciones que se hayan producido desde su puesta en l\u00ednea. Adem\u00e1s, toda la informaci\u00f3n que aparece en el sitio web www.theatre-antique.com se facilita \u00fanicamente a t\u00edtulo informativo y puede cambiar o evolucionar sin previo aviso.   <\/p>\n<p><strong>Limitaciones contractuales de los datos :<\/strong><\/p>\n<p>La informaci\u00f3n contenida en este sitio es lo m\u00e1s exacta posible y se actualiza en distintos momentos del a\u00f1o, pero puede contener imprecisiones u omisiones. Si observas una laguna, un error o lo que parece ser un mal funcionamiento, te rogamos que nos lo comuniques por correo electr\u00f3nico, describiendo el problema con la mayor precisi\u00f3n posible (p\u00e1gina que causa el problema, tipo de ordenador y navegador utilizados, etc.). <\/p>\n<p>Cualquier contenido descargado se hace por cuenta y riesgo del usuario y bajo su exclusiva responsabilidad. En consecuencia, no se aceptar\u00e1 ninguna responsabilidad por da\u00f1os al ordenador del usuario o p\u00e9rdida de datos resultantes de la descarga. Adem\u00e1s, el usuario del sitio se compromete a acceder a \u00e9l utilizando un equipo reciente, libre de virus y con un navegador actualizado y de \u00faltima generaci\u00f3n.  <\/p>\n<p>Edeis Orange no se hace responsable de los enlaces de hipertexto establecidos en este sitio web a otros recursos de Internet.<\/p>\n<p><strong>Propiedad intelectual :<\/strong><\/p>\n<p>Todos los contenidos del sitio web www.theatre-antique.com, incluidos, entre otros, gr\u00e1ficos, im\u00e1genes, textos, v\u00eddeos, animaciones, sonidos, logotipos, gifs e iconos, as\u00ed como su disposici\u00f3n, son propiedad exclusiva de la empresa, a excepci\u00f3n de las marcas, logotipos o contenidos pertenecientes a otros socios o autores.<\/p>\n<p>Cualquier reproducci\u00f3n, distribuci\u00f3n, modificaci\u00f3n, adaptaci\u00f3n, retransmisi\u00f3n o publicaci\u00f3n, incluso parcial, de estos distintos elementos est\u00e1 estrictamente prohibida sin el consentimiento expreso y por escrito de Edeis Orange. Esta representaci\u00f3n o reproducci\u00f3n, por cualquier medio, constituye una infracci\u00f3n sancionada por los art\u00edculos L.335-2 y siguientes del C\u00f3digo de la Propiedad Intelectual franc\u00e9s. El incumplimiento de esta prohibici\u00f3n constituye una infracci\u00f3n que puede comprometer la responsabilidad civil y penal del infractor. Adem\u00e1s, los propietarios del Contenido copiado pueden emprender acciones legales contra ti.   <\/p>\n<p><strong>Disputas :<\/strong><\/p>\n<p>Los presentes t\u00e9rminos y condiciones del sitio web www.theatre-antique.com se rigen por la legislaci\u00f3n francesa y cualquier disputa o litigio que pueda surgir de la interpretaci\u00f3n o ejecuci\u00f3n de estos t\u00e9rminos y condiciones estar\u00e1 sujeto a la jurisdicci\u00f3n exclusiva de los tribunales competentes en el domicilio social de la empresa. La lengua de referencia para la resoluci\u00f3n de cualquier litigio ser\u00e1 el franc\u00e9s. <\/p>\n<p><strong>Datos personales:<\/strong><\/p>\n<p>En general, no est\u00e1s obligado a facilitarnos tus datos personales cuando visitas nuestro sitio web www.theatre-antique.com.<\/p>\n<p>Sin embargo, existen ciertas excepciones a este principio. Para determinados servicios ofrecidos por nuestro sitio, es posible que se te pida que nos facilites ciertos datos como: tu nombre, tu cargo, el nombre de tu empresa, tu direcci\u00f3n de correo electr\u00f3nico y tu n\u00famero de tel\u00e9fono. Este es el caso cuando rellenas el formulario en l\u00ednea de la secci\u00f3n \u00abcontacto\u00bb. En todos los casos, puedes negarte a facilitar tus datos personales. En este caso, no podr\u00e1s utilizar los servicios del sitio, en particular solicitar informaci\u00f3n sobre nuestra empresa o recibir nuestros boletines informativos.    <\/p>\n<p>Por \u00faltimo, podemos recoger autom\u00e1ticamente cierta informaci\u00f3n sobre ti cuando simplemente navegas por nuestro sitio web, en particular: informaci\u00f3n sobre el uso de nuestro sitio, como las \u00e1reas que visitas y los servicios a los que accedes, tu direcci\u00f3n IP, el tipo de navegador que utilizas y tus horas de acceso. Dicha informaci\u00f3n se utiliza exclusivamente con fines estad\u00edsticos internos, para mejorar la calidad de los servicios que te ofrecemos. Las bases de datos est\u00e1n protegidas por las disposiciones de la ley de 1 de julio de 1998 que transpone la directiva 96\/9 de 11 de marzo de 1996 sobre la protecci\u00f3n jur\u00eddica de las bases de datos.  <\/p>\n","protected":false},"excerpt":{"rendered":"<p>Informaci\u00f3n legal Lee atentamente estas condiciones de uso antes de utilizar este sitio web. Al conectarte a este sitio, aceptas estos t\u00e9rminos y condiciones sin reservas. De conformidad con el art\u00edculo 6 de la Ley n\u00ba 2004-575 de 21 de junio de 2004 sobre la confianza en la econom\u00eda digital, las personas responsables de este [&hellip;]<\/p>\n","protected":false},"author":2,"featured_media":0,"parent":0,"menu_order":0,"comment_status":"closed","ping_status":"closed","template":"","meta":{"site-sidebar-layout":"no-sidebar","site-content-layout":"page-builder","ast-site-content-layout":"full-width-container","site-content-style":"default","site-sidebar-style":"default","ast-global-header-display":"","ast-banner-title-visibility":"","ast-main-header-display":"","ast-hfb-above-header-display":"","ast-hfb-below-header-display":"","ast-hfb-mobile-header-display":"","site-post-title":"disabled","ast-breadcrumbs-content":"","ast-featured-img":"disabled","footer-sml-layout":"","ast-disable-related-posts":"","theme-transparent-header-meta":"default","adv-header-id-meta":"","stick-header-meta":"default","header-above-stick-meta":"","header-main-stick-meta":"","header-below-stick-meta":"","astra-migrate-meta-layouts":"default","ast-page-background-enabled":"default","ast-page-background-meta":{"desktop":{"background-color":"var(--ast-global-color-4)","background-image":"","background-repeat":"repeat","background-position":"center center","background-size":"auto","background-attachment":"scroll","background-type":"","background-media":"","overlay-type":"","overlay-color":"","overlay-opacity":"","overlay-gradient":""},"tablet":{"background-color":"","background-image":"","background-repeat":"repeat","background-position":"center center","background-size":"auto","background-attachment":"scroll","background-type":"","background-media":"","overlay-type":"","overlay-color":"","overlay-opacity":"","overlay-gradient":""},"mobile":{"background-color":"","background-image":"","background-repeat":"repeat","background-position":"center center","background-size":"auto","background-attachment":"scroll","background-type":"","background-media":"","overlay-type":"","overlay-color":"","overlay-opacity":"","overlay-gradient":""}},"ast-content-background-meta":{"desktop":{"background-color":"var(--ast-global-color-5)","background-image":"","background-repeat":"repeat","background-position":"center center","background-size":"auto","background-attachment":"scroll","background-type":"","background-media":"","overlay-type":"","overlay-color":"","overlay-opacity":"","overlay-gradient":""},"tablet":{"background-color":"var(--ast-global-color-5)","background-image":"","background-repeat":"repeat","background-position":"center center","background-size":"auto","background-attachment":"scroll","background-type":"","background-media":"","overlay-type":"","overlay-color":"","overlay-opacity":"","overlay-gradient":""},"mobile":{"background-color":"var(--ast-global-color-5)","background-image":"","background-repeat":"repeat","background-position":"center center","background-size":"auto","background-attachment":"scroll","background-type":"","background-media":"","overlay-type":"","overlay-color":"","overlay-opacity":"","overlay-gradient":""}},"footnotes":""},"class_list":["post-18041","page","type-page","status-publish","hentry"],"yoast_head":"<!-- This site is optimized with the Yoast SEO plugin v27.4 - https:\/\/yoast.com\/product\/yoast-seo-wordpress\/ -->\n<title>Informaci\u00f3n legal - Th\u00e9atre Antique d&#039;Orange<\/title>\n<meta name=\"robots\" content=\"noindex, nofollow\" \/>\n<meta property=\"og:locale\" content=\"es_ES\" \/>\n<meta property=\"og:type\" content=\"article\" \/>\n<meta property=\"og:title\" content=\"Informaci\u00f3n legal - Th\u00e9atre Antique d&#039;Orange\" \/>\n<meta property=\"og:description\" content=\"Informaci\u00f3n legal Lee atentamente estas condiciones de uso antes de utilizar este sitio web. Al conectarte a este sitio, aceptas estos t\u00e9rminos y condiciones sin reservas. De conformidad con el art\u00edculo 6 de la Ley n\u00ba 2004-575 de 21 de junio de 2004 sobre la confianza en la econom\u00eda digital, las personas responsables de este [&hellip;]\" \/>\n<meta property=\"og:url\" content=\"https:\/\/theatre-antique.com\/es\/informacion-legal\/\" \/>\n<meta property=\"og:site_name\" content=\"Th\u00e9atre Antique d&#039;Orange\" \/>\n<meta property=\"article:publisher\" content=\"https:\/\/www.facebook.com\/theatreantiqueorangeofficiel\" \/>\n<meta property=\"article:modified_time\" content=\"2026-01-09T15:15:45+00:00\" \/>\n<meta name=\"twitter:card\" content=\"summary_large_image\" \/>\n<meta name=\"twitter:site\" content=\"@TheatreAntique\" \/>\n<meta name=\"twitter:label1\" content=\"Tiempo de lectura\" \/>\n\t<meta name=\"twitter:data1\" content=\"6 minutos\" \/>\n<script type=\"application\/ld+json\" class=\"yoast-schema-graph\">{\"@context\":\"https:\\\/\\\/schema.org\",\"@graph\":[{\"@type\":\"WebPage\",\"@id\":\"https:\\\/\\\/theatre-antique.com\\\/es\\\/informacion-legal\\\/\",\"url\":\"https:\\\/\\\/theatre-antique.com\\\/es\\\/informacion-legal\\\/\",\"name\":\"Informaci\u00f3n legal - Th\u00e9atre Antique d&#039;Orange\",\"isPartOf\":{\"@id\":\"https:\\\/\\\/theatre-antique.com\\\/es\\\/#website\"},\"datePublished\":\"2025-04-03T17:08:59+00:00\",\"dateModified\":\"2026-01-09T15:15:45+00:00\",\"breadcrumb\":{\"@id\":\"https:\\\/\\\/theatre-antique.com\\\/es\\\/informacion-legal\\\/#breadcrumb\"},\"inLanguage\":\"es\",\"potentialAction\":[{\"@type\":\"ReadAction\",\"target\":[\"https:\\\/\\\/theatre-antique.com\\\/es\\\/informacion-legal\\\/\"]}]},{\"@type\":\"BreadcrumbList\",\"@id\":\"https:\\\/\\\/theatre-antique.com\\\/es\\\/informacion-legal\\\/#breadcrumb\",\"itemListElement\":[{\"@type\":\"ListItem\",\"position\":1,\"name\":\"Accueil\",\"item\":\"https:\\\/\\\/theatre-antique.com\\\/es\\\/teatro-antiguo-de-orange\\\/\"},{\"@type\":\"ListItem\",\"position\":2,\"name\":\"Informaci\u00f3n legal\"}]},{\"@type\":\"WebSite\",\"@id\":\"https:\\\/\\\/theatre-antique.com\\\/es\\\/#website\",\"url\":\"https:\\\/\\\/theatre-antique.com\\\/es\\\/\",\"name\":\"Th\u00e9atre Antique d'Orange\",\"description\":\"Just another Astra Starter Templates site\",\"publisher\":{\"@id\":\"https:\\\/\\\/theatre-antique.com\\\/es\\\/#organization\"},\"potentialAction\":[{\"@type\":\"SearchAction\",\"target\":{\"@type\":\"EntryPoint\",\"urlTemplate\":\"https:\\\/\\\/theatre-antique.com\\\/es\\\/?s={search_term_string}\"},\"query-input\":{\"@type\":\"PropertyValueSpecification\",\"valueRequired\":true,\"valueName\":\"search_term_string\"}}],\"inLanguage\":\"es\"},{\"@type\":\"Organization\",\"@id\":\"https:\\\/\\\/theatre-antique.com\\\/es\\\/#organization\",\"name\":\"Th\u00e9atre Antique d'Orange\",\"url\":\"https:\\\/\\\/theatre-antique.com\\\/es\\\/\",\"logo\":{\"@type\":\"ImageObject\",\"inLanguage\":\"es\",\"@id\":\"https:\\\/\\\/theatre-antique.com\\\/es\\\/#\\\/schema\\\/logo\\\/image\\\/\",\"url\":\"https:\\\/\\\/theatre-antique.com\\\/wp-content\\\/uploads\\\/2024\\\/12\\\/logo-1-1.jpg\",\"contentUrl\":\"https:\\\/\\\/theatre-antique.com\\\/wp-content\\\/uploads\\\/2024\\\/12\\\/logo-1-1.jpg\",\"width\":601,\"height\":161,\"caption\":\"Th\u00e9atre Antique d'Orange\"},\"image\":{\"@id\":\"https:\\\/\\\/theatre-antique.com\\\/es\\\/#\\\/schema\\\/logo\\\/image\\\/\"},\"sameAs\":[\"https:\\\/\\\/www.facebook.com\\\/theatreantiqueorangeofficiel\",\"https:\\\/\\\/x.com\\\/TheatreAntique\",\"https:\\\/\\\/www.instagram.com\\\/theatreantiquedorange_officiel\\\/\",\"https:\\\/\\\/www.linkedin.com\\\/company\\\/thtre-antique-d-orange\\\/\"]}]}<\/script>\n<!-- \/ Yoast SEO plugin. -->","yoast_head_json":{"title":"Informaci\u00f3n legal - Th\u00e9atre Antique d&#039;Orange","robots":{"index":"noindex","follow":"nofollow"},"og_locale":"es_ES","og_type":"article","og_title":"Informaci\u00f3n legal - Th\u00e9atre Antique d&#039;Orange","og_description":"Informaci\u00f3n legal Lee atentamente estas condiciones de uso antes de utilizar este sitio web. Al conectarte a este sitio, aceptas estos t\u00e9rminos y condiciones sin reservas. De conformidad con el art\u00edculo 6 de la Ley n\u00ba 2004-575 de 21 de junio de 2004 sobre la confianza en la econom\u00eda digital, las personas responsables de este [&hellip;]","og_url":"https:\/\/theatre-antique.com\/es\/informacion-legal\/","og_site_name":"Th\u00e9atre Antique d&#039;Orange","article_publisher":"https:\/\/www.facebook.com\/theatreantiqueorangeofficiel","article_modified_time":"2026-01-09T15:15:45+00:00","twitter_card":"summary_large_image","twitter_site":"@TheatreAntique","twitter_misc":{"Tiempo de lectura":"6 minutos"},"schema":{"@context":"https:\/\/schema.org","@graph":[{"@type":"WebPage","@id":"https:\/\/theatre-antique.com\/es\/informacion-legal\/","url":"https:\/\/theatre-antique.com\/es\/informacion-legal\/","name":"Informaci\u00f3n legal - Th\u00e9atre Antique d&#039;Orange","isPartOf":{"@id":"https:\/\/theatre-antique.com\/es\/#website"},"datePublished":"2025-04-03T17:08:59+00:00","dateModified":"2026-01-09T15:15:45+00:00","breadcrumb":{"@id":"https:\/\/theatre-antique.com\/es\/informacion-legal\/#breadcrumb"},"inLanguage":"es","potentialAction":[{"@type":"ReadAction","target":["https:\/\/theatre-antique.com\/es\/informacion-legal\/"]}]},{"@type":"BreadcrumbList","@id":"https:\/\/theatre-antique.com\/es\/informacion-legal\/#breadcrumb","itemListElement":[{"@type":"ListItem","position":1,"name":"Accueil","item":"https:\/\/theatre-antique.com\/es\/teatro-antiguo-de-orange\/"},{"@type":"ListItem","position":2,"name":"Informaci\u00f3n legal"}]},{"@type":"WebSite","@id":"https:\/\/theatre-antique.com\/es\/#website","url":"https:\/\/theatre-antique.com\/es\/","name":"Th\u00e9atre Antique d'Orange","description":"Just another Astra Starter Templates site","publisher":{"@id":"https:\/\/theatre-antique.com\/es\/#organization"},"potentialAction":[{"@type":"SearchAction","target":{"@type":"EntryPoint","urlTemplate":"https:\/\/theatre-antique.com\/es\/?s={search_term_string}"},"query-input":{"@type":"PropertyValueSpecification","valueRequired":true,"valueName":"search_term_string"}}],"inLanguage":"es"},{"@type":"Organization","@id":"https:\/\/theatre-antique.com\/es\/#organization","name":"Th\u00e9atre Antique d'Orange","url":"https:\/\/theatre-antique.com\/es\/","logo":{"@type":"ImageObject","inLanguage":"es","@id":"https:\/\/theatre-antique.com\/es\/#\/schema\/logo\/image\/","url":"https:\/\/theatre-antique.com\/wp-content\/uploads\/2024\/12\/logo-1-1.jpg","contentUrl":"https:\/\/theatre-antique.com\/wp-content\/uploads\/2024\/12\/logo-1-1.jpg","width":601,"height":161,"caption":"Th\u00e9atre Antique d'Orange"},"image":{"@id":"https:\/\/theatre-antique.com\/es\/#\/schema\/logo\/image\/"},"sameAs":["https:\/\/www.facebook.com\/theatreantiqueorangeofficiel","https:\/\/x.com\/TheatreAntique","https:\/\/www.instagram.com\/theatreantiquedorange_officiel\/","https:\/\/www.linkedin.com\/company\/thtre-antique-d-orange\/"]}]}},"_links":{"self":[{"href":"https:\/\/theatre-antique.com\/es\/wp-json\/wp\/v2\/pages\/18041","targetHints":{"allow":["GET"]}}],"collection":[{"href":"https:\/\/theatre-antique.com\/es\/wp-json\/wp\/v2\/pages"}],"about":[{"href":"https:\/\/theatre-antique.com\/es\/wp-json\/wp\/v2\/types\/page"}],"author":[{"embeddable":true,"href":"https:\/\/theatre-antique.com\/es\/wp-json\/wp\/v2\/users\/2"}],"replies":[{"embeddable":true,"href":"https:\/\/theatre-antique.com\/es\/wp-json\/wp\/v2\/comments?post=18041"}],"version-history":[{"count":0,"href":"https:\/\/theatre-antique.com\/es\/wp-json\/wp\/v2\/pages\/18041\/revisions"}],"wp:attachment":[{"href":"https:\/\/theatre-antique.com\/es\/wp-json\/wp\/v2\/media?parent=18041"}],"curies":[{"name":"wp","href":"https:\/\/api.w.org\/{rel}","templated":true}]}}