{"id":18207,"date":"2025-01-04T19:07:12","date_gmt":"2025-01-04T18:07:12","guid":{"rendered":"https:\/\/theatre-antique.com\/ponte-en-contacto-con\/"},"modified":"2025-07-30T14:39:58","modified_gmt":"2025-07-30T12:39:58","slug":"ponte-en-contacto-con","status":"publish","type":"page","link":"https:\/\/theatre-antique.com\/es\/ponte-en-contacto-con\/","title":{"rendered":"Ponte en contacto con"},"content":{"rendered":"\t\t<div data-elementor-type=\"wp-page\" data-elementor-id=\"18207\" class=\"elementor elementor-18207\" data-elementor-post-type=\"page\">\n\t\t\t\t<div class=\"elementor-element elementor-element-7409668 e-flex e-con-boxed e-con e-parent\" data-id=\"7409668\" data-element_type=\"container\" data-e-type=\"container\" data-settings=\"{&quot;background_background&quot;:&quot;classic&quot;}\">\n\t\t\t\t\t<div class=\"e-con-inner\">\n\t\t<div class=\"elementor-element elementor-element-7dd4384 e-con-full e-flex e-con e-child\" data-id=\"7dd4384\" data-element_type=\"container\" data-e-type=\"container\">\n\t\t\t\t<div class=\"elementor-element elementor-element-2cfcdc4 elementor-widget elementor-widget-heading\" data-id=\"2cfcdc4\" data-element_type=\"widget\" data-e-type=\"widget\" data-widget_type=\"heading.default\">\n\t\t\t\t<div class=\"elementor-widget-container\">\n\t\t\t\t\t<h1 class=\"elementor-heading-title elementor-size-default\">CONT\u00c1CTANOS<\/h1>\t\t\t\t<\/div>\n\t\t\t\t<\/div>\n\t\t\t\t<\/div>\n\t\t\t\t\t<\/div>\n\t\t\t\t<\/div>\n\t\t<div class=\"elementor-element elementor-element-e17c35f e-flex e-con-boxed e-con e-parent\" data-id=\"e17c35f\" data-element_type=\"container\" data-e-type=\"container\">\n\t\t\t\t\t<div class=\"e-con-inner\">\n\t\t<div class=\"elementor-element elementor-element-62bf1e5 e-con-full e-flex e-con e-child\" data-id=\"62bf1e5\" data-element_type=\"container\" data-e-type=\"container\">\n\t\t\t\t<div class=\"elementor-element elementor-element-e4cc70f elementor-widget elementor-widget-heading\" data-id=\"e4cc70f\" data-element_type=\"widget\" data-e-type=\"widget\" data-widget_type=\"heading.default\">\n\t\t\t\t<div class=\"elementor-widget-container\">\n\t\t\t\t\t<h2 class=\"elementor-heading-title elementor-size-default\">Ponte en contacto<\/h2>\t\t\t\t<\/div>\n\t\t\t\t<\/div>\n\t\t\t\t<div class=\"elementor-element elementor-element-fdeba29 elementor-widget elementor-widget-wpforms\" data-id=\"fdeba29\" data-element_type=\"widget\" data-e-type=\"widget\" data-widget_type=\"wpforms.default\">\n\t\t\t\t<div class=\"elementor-widget-container\">\n\t\t\t\t\t<div class=\"wpforms-container \" id=\"wpforms-16116\"><form id=\"wpforms-form-16116\" class=\"wpforms-validate wpforms-form wpforms-ajax-form\" data-formid=\"16116\" method=\"post\" enctype=\"multipart\/form-data\" action=\"\/es\/wp-json\/wp\/v2\/pages\/18207\" data-token=\"01eac2b034fe285df5923a5b118d17dc\" data-token-time=\"1777557666\"><noscript class=\"wpforms-error-noscript\">Por favor, activa JavaScript en tu navegador para completar este formulario.<\/noscript><div class=\"wpforms-field-container\"><div id=\"wpforms-16116-field_0-container\" class=\"wpforms-field wpforms-field-name\" data-field-id=\"0\"><label class=\"wpforms-field-label wpforms-label-hide\" for=\"wpforms-16116-field_0\">Name <span class=\"wpforms-required-label\">*<\/span><\/label><input type=\"text\" id=\"wpforms-16116-field_0\" class=\"wpforms-field-large wpforms-field-required\" name=\"wpforms[fields][0]\" placeholder=\"Full name\" required><\/div><div id=\"wpforms-16116-field_3-container\" class=\"wpforms-field wpforms-field-number\" data-field-id=\"3\"><label class=\"wpforms-field-label wpforms-label-hide\" for=\"wpforms-16116-field_3\">Phone Number <span class=\"wpforms-required-label\">*<\/span><\/label><input type=\"number\" id=\"wpforms-16116-field_3\" class=\"wpforms-field-large wpforms-field-required\" name=\"wpforms[fields][3]\" placeholder=\"Phone Number\" step=\"any\" required><\/div><div id=\"wpforms-16116-field_1-container\" class=\"wpforms-field wpforms-field-email\" data-field-id=\"1\"><label class=\"wpforms-field-label wpforms-label-hide\" for=\"wpforms-16116-field_1\">Email <span class=\"wpforms-required-label\">*<\/span><\/label><input type=\"email\" id=\"wpforms-16116-field_1\" class=\"wpforms-field-large wpforms-field-required\" name=\"wpforms[fields][1]\" placeholder=\"Email\" spellcheck=\"false\" required><\/div><div id=\"wpforms-16116-field_2-container\" class=\"wpforms-field wpforms-field-textarea\" data-field-id=\"2\"><label class=\"wpforms-field-label wpforms-label-hide\" for=\"wpforms-16116-field_2\">Message <span class=\"wpforms-required-label\">*<\/span><\/label><textarea id=\"wpforms-16116-field_2\" class=\"wpforms-field-medium wpforms-field-required\" name=\"wpforms[fields][2]\" placeholder=\"Message\" required><\/textarea><\/div><\/div><!-- .wpforms-field-container --><div class=\"wpforms-submit-container\" ><input type=\"hidden\" name=\"wpforms[id]\" value=\"16116\"><input type=\"hidden\" name=\"page_title\" value=\"\"><input type=\"hidden\" name=\"page_url\" value=\"https:\/\/theatre-antique.com\/es\/wp-json\/wp\/v2\/pages\/18207\"><input type=\"hidden\" name=\"url_referer\" value=\"\"><button type=\"submit\" name=\"wpforms[submit]\" id=\"wpforms-submit-16116\" class=\"wpforms-submit\" data-alt-text=\"Sending...\" data-submit-text=\"Send Now\" aria-live=\"assertive\" value=\"wpforms-submit\">Send Now<\/button><img decoding=\"async\" src=\"https:\/\/theatre-antique.com\/wp-content\/plugins\/wpforms-lite\/assets\/images\/submit-spin.svg\" class=\"wpforms-submit-spinner\" style=\"display: none;\" width=\"26\" height=\"26\" alt=\"Cargando\"><\/div><\/form><\/div>  <!-- .wpforms-container -->\t\t\t\t<\/div>\n\t\t\t\t<\/div>\n\t\t\t\t<\/div>\n\t\t<div class=\"elementor-element elementor-element-6400d6f e-con-full e-flex e-con e-child\" data-id=\"6400d6f\" data-element_type=\"container\" data-e-type=\"container\">\n\t\t\t\t<div class=\"elementor-element elementor-element-585c8d8 elementor-widget elementor-widget-heading\" data-id=\"585c8d8\" data-element_type=\"widget\" data-e-type=\"widget\" data-widget_type=\"heading.default\">\n\t\t\t\t<div class=\"elementor-widget-container\">\n\t\t\t\t\t<h2 class=\"elementor-heading-title elementor-size-default\">Habla con nosotros<\/h2>\t\t\t\t<\/div>\n\t\t\t\t<\/div>\n\t\t\t\t<div class=\"elementor-element elementor-element-f9ddb98 elementor-widget elementor-widget-icon-box\" data-id=\"f9ddb98\" data-element_type=\"widget\" data-e-type=\"widget\" data-widget_type=\"icon-box.default\">\n\t\t\t\t<div class=\"elementor-widget-container\">\n\t\t\t\t\t\t\t<div class=\"elementor-icon-box-wrapper\">\n\n\t\t\t\n\t\t\t\t\t\t<div class=\"elementor-icon-box-content\">\n\n\t\t\t\t\t\t\t\t\t<h3 class=\"elementor-icon-box-title\">\n\t\t\t\t\t\t<span  >\n\t\t\t\t\t\t\tEMAIL\t\t\t\t\t\t<\/span>\n\t\t\t\t\t<\/h3>\n\t\t\t\t\n\t\t\t\t\t\t\t\t\t<p class=\"elementor-icon-box-description\">\n\t\t\t\t\t\tsomething@tyler.com\t\t\t\t\t<\/p>\n\t\t\t\t\n\t\t\t<\/div>\n\t\t\t\n\t\t<\/div>\n\t\t\t\t\t\t<\/div>\n\t\t\t\t<\/div>\n\t\t\t\t<div class=\"elementor-element elementor-element-74e767a elementor-widget elementor-widget-icon-box\" data-id=\"74e767a\" data-element_type=\"widget\" data-e-type=\"widget\" data-widget_type=\"icon-box.default\">\n\t\t\t\t<div class=\"elementor-widget-container\">\n\t\t\t\t\t\t\t<div class=\"elementor-icon-box-wrapper\">\n\n\t\t\t\n\t\t\t\t\t\t<div class=\"elementor-icon-box-content\">\n\n\t\t\t\t\t\t\t\t\t<h3 class=\"elementor-icon-box-title\">\n\t\t\t\t\t\t<span  >\n\t\t\t\t\t\t\tN\u00daMERO DE TEL\u00c9FONO\t\t\t\t\t\t<\/span>\n\t\t\t\t\t<\/h3>\n\t\t\t\t\n\t\t\t\t\t\t\t\t\t<p class=\"elementor-icon-box-description\">\n\t\t\t\t\t\t202-555-0188\t\t\t\t\t<\/p>\n\t\t\t\t\n\t\t\t<\/div>\n\t\t\t\n\t\t<\/div>\n\t\t\t\t\t\t<\/div>\n\t\t\t\t<\/div>\n\t\t\t\t<div class=\"elementor-element elementor-element-5b3ce3a elementor-widget elementor-widget-icon-box\" data-id=\"5b3ce3a\" data-element_type=\"widget\" data-e-type=\"widget\" data-widget_type=\"icon-box.default\">\n\t\t\t\t<div class=\"elementor-widget-container\">\n\t\t\t\t\t\t\t<div class=\"elementor-icon-box-wrapper\">\n\n\t\t\t\n\t\t\t\t\t\t<div class=\"elementor-icon-box-content\">\n\n\t\t\t\t\t\t\t\t\t<h3 class=\"elementor-icon-box-title\">\n\t\t\t\t\t\t<span  >\n\t\t\t\t\t\t\tDIRECCI\u00d3N\t\t\t\t\t\t<\/span>\n\t\t\t\t\t<\/h3>\n\t\t\t\t\n\t\t\t\t\t\t\t\t\t<p class=\"elementor-icon-box-description\">\n\t\t\t\t\t\t2727 Ocean Road,<br>Malib\u00fa, CA, 90264\n\t\t\t\t\t<\/p>\n\t\t\t\t\n\t\t\t<\/div>\n\t\t\t\n\t\t<\/div>\n\t\t\t\t\t\t<\/div>\n\t\t\t\t<\/div>\n\t\t\t\t<div class=\"elementor-element elementor-element-7bd708a elementor-widget elementor-widget-heading\" data-id=\"7bd708a\" data-element_type=\"widget\" data-e-type=\"widget\" data-widget_type=\"heading.default\">\n\t\t\t\t<div class=\"elementor-widget-container\">\n\t\t\t\t\t<h4 class=\"elementor-heading-title elementor-size-default\">S\u00edguenos:<\/h4>\t\t\t\t<\/div>\n\t\t\t\t<\/div>\n\t\t\t\t<div class=\"elementor-element elementor-element-d266e1e elementor-shape-circle e-grid-align-left e-grid-align-mobile-center elementor-grid-0 elementor-widget elementor-widget-social-icons\" data-id=\"d266e1e\" data-element_type=\"widget\" data-e-type=\"widget\" data-widget_type=\"social-icons.default\">\n\t\t\t\t<div class=\"elementor-widget-container\">\n\t\t\t\t\t\t\t<div class=\"elementor-social-icons-wrapper elementor-grid\" role=\"list\">\n\t\t\t\t\t\t\t<span class=\"elementor-grid-item\" role=\"listitem\">\n\t\t\t\t\t<a class=\"elementor-icon elementor-social-icon elementor-social-icon-facebook-f elementor-repeater-item-eeabe90\" target=\"_blank\">\n\t\t\t\t\t\t<span class=\"elementor-screen-only\">Facebook-f<\/span>\n\t\t\t\t\t\t<svg aria-hidden=\"true\" class=\"e-font-icon-svg e-fab-facebook-f\" viewBox=\"0 0 320 512\" xmlns=\"http:\/\/www.w3.org\/2000\/svg\"><path d=\"M279.14 288l14.22-92.66h-88.91v-60.13c0-25.35 12.42-50.06 52.24-50.06h40.42V6.26S260.43 0 225.36 0c-73.22 0-121.08 44.38-121.08 124.72v70.62H22.89V288h81.39v224h100.17V288z\"><\/path><\/svg>\t\t\t\t\t<\/a>\n\t\t\t\t<\/span>\n\t\t\t\t\t\t\t<span class=\"elementor-grid-item\" role=\"listitem\">\n\t\t\t\t\t<a class=\"elementor-icon elementor-social-icon elementor-social-icon-twitter elementor-repeater-item-0435d16\" target=\"_blank\">\n\t\t\t\t\t\t<span class=\"elementor-screen-only\">Twitter<\/span>\n\t\t\t\t\t\t<svg aria-hidden=\"true\" class=\"e-font-icon-svg e-fab-twitter\" viewBox=\"0 0 512 512\" xmlns=\"http:\/\/www.w3.org\/2000\/svg\"><path d=\"M459.37 151.716c.325 4.548.325 9.097.325 13.645 0 138.72-105.583 298.558-298.558 298.558-59.452 0-114.68-17.219-161.137-47.106 8.447.974 16.568 1.299 25.34 1.299 49.055 0 94.213-16.568 130.274-44.832-46.132-.975-84.792-31.188-98.112-72.772 6.498.974 12.995 1.624 19.818 1.624 9.421 0 18.843-1.3 27.614-3.573-48.081-9.747-84.143-51.98-84.143-102.985v-1.299c13.969 7.797 30.214 12.67 47.431 13.319-28.264-18.843-46.781-51.005-46.781-87.391 0-19.492 5.197-37.36 14.294-52.954 51.655 63.675 129.3 105.258 216.365 109.807-1.624-7.797-2.599-15.918-2.599-24.04 0-57.828 46.782-104.934 104.934-104.934 30.213 0 57.502 12.67 76.67 33.137 23.715-4.548 46.456-13.32 66.599-25.34-7.798 24.366-24.366 44.833-46.132 57.827 21.117-2.273 41.584-8.122 60.426-16.243-14.292 20.791-32.161 39.308-52.628 54.253z\"><\/path><\/svg>\t\t\t\t\t<\/a>\n\t\t\t\t<\/span>\n\t\t\t\t\t\t\t<span class=\"elementor-grid-item\" role=\"listitem\">\n\t\t\t\t\t<a class=\"elementor-icon elementor-social-icon elementor-social-icon-linkedin-in elementor-repeater-item-d38cc3b\" target=\"_blank\">\n\t\t\t\t\t\t<span class=\"elementor-screen-only\">Linkedin-in<\/span>\n\t\t\t\t\t\t<svg aria-hidden=\"true\" class=\"e-font-icon-svg e-fab-linkedin-in\" viewBox=\"0 0 448 512\" xmlns=\"http:\/\/www.w3.org\/2000\/svg\"><path d=\"M100.28 448H7.4V148.9h92.88zM53.79 108.1C24.09 108.1 0 83.5 0 53.8a53.79 53.79 0 0 1 107.58 0c0 29.7-24.1 54.3-53.79 54.3zM447.9 448h-92.68V302.4c0-34.7-.7-79.2-48.29-79.2-48.29 0-55.69 37.7-55.69 76.7V448h-92.78V148.9h89.08v40.8h1.3c12.4-23.5 42.69-48.3 87.88-48.3 94 0 111.28 61.9 111.28 142.3V448z\"><\/path><\/svg>\t\t\t\t\t<\/a>\n\t\t\t\t<\/span>\n\t\t\t\t\t\t\t<span class=\"elementor-grid-item\" role=\"listitem\">\n\t\t\t\t\t<a class=\"elementor-icon elementor-social-icon elementor-social-icon-play elementor-repeater-item-59ca6d6\" target=\"_blank\">\n\t\t\t\t\t\t<span class=\"elementor-screen-only\">Play<\/span>\n\t\t\t\t\t\t<svg aria-hidden=\"true\" class=\"e-font-icon-svg e-fas-play\" viewBox=\"0 0 448 512\" xmlns=\"http:\/\/www.w3.org\/2000\/svg\"><path d=\"M424.4 214.7L72.4 6.6C43.8-10.3 0 6.1 0 47.9V464c0 37.5 40.7 60.1 72.4 41.3l352-208c31.4-18.5 31.5-64.1 0-82.6z\"><\/path><\/svg>\t\t\t\t\t<\/a>\n\t\t\t\t<\/span>\n\t\t\t\t\t<\/div>\n\t\t\t\t\t\t<\/div>\n\t\t\t\t<\/div>\n\t\t\t\t<\/div>\n\t\t\t\t\t<\/div>\n\t\t\t\t<\/div>\n\t\t\t\t<\/div>\n\t\t","protected":false},"excerpt":{"rendered":"<p>CONT\u00c1CTANOS Ponte en contacto Veuillez activer JavaScript dans votre navigateur pour remplir ce formulaire.Name *Phone Number *Email *Message *Send Now Habla con nosotros EMAIL something@tyler.com N\u00daMERO DE TEL\u00c9FONO 202-555-0188 DIRECCI\u00d3N 2727 Ocean Road,Malib\u00fa, CA, 90264 S\u00edguenos: Facebook-f Twitter Linkedin-in Play<\/p>\n","protected":false},"author":2,"featured_media":0,"parent":0,"menu_order":0,"comment_status":"closed","ping_status":"closed","template":"","meta":{"site-sidebar-layout":"no-sidebar","site-content-layout":"page-builder","ast-site-content-layout":"default","site-content-style":"default","site-sidebar-style":"default","ast-global-header-display":"","ast-banner-title-visibility":"","ast-main-header-display":"","ast-hfb-above-header-display":"","ast-hfb-below-header-display":"","ast-hfb-mobile-header-display":"","site-post-title":"disabled","ast-breadcrumbs-content":"disabled","ast-featured-img":"disabled","footer-sml-layout":"","ast-disable-related-posts":"","theme-transparent-header-meta":"enabled","adv-header-id-meta":"","stick-header-meta":"","header-above-stick-meta":"","header-main-stick-meta":"","header-below-stick-meta":"","astra-migrate-meta-layouts":"default","ast-page-background-enabled":"default","ast-page-background-meta":{"desktop":{"background-color":"var(--ast-global-color-4)","background-image":"","background-repeat":"repeat","background-position":"center center","background-size":"auto","background-attachment":"scroll","background-type":"","background-media":"","overlay-type":"","overlay-color":"","overlay-opacity":"","overlay-gradient":""},"tablet":{"background-color":"","background-image":"","background-repeat":"repeat","background-position":"center center","background-size":"auto","background-attachment":"scroll","background-type":"","background-media":"","overlay-type":"","overlay-color":"","overlay-opacity":"","overlay-gradient":""},"mobile":{"background-color":"","background-image":"","background-repeat":"repeat","background-position":"center center","background-size":"auto","background-attachment":"scroll","background-type":"","background-media":"","overlay-type":"","overlay-color":"","overlay-opacity":"","overlay-gradient":""}},"ast-content-background-meta":{"desktop":{"background-color":"var(--ast-global-color-5)","background-image":"","background-repeat":"repeat","background-position":"center center","background-size":"auto","background-attachment":"scroll","background-type":"","background-media":"","overlay-type":"","overlay-color":"","overlay-opacity":"","overlay-gradient":""},"tablet":{"background-color":"var(--ast-global-color-5)","background-image":"","background-repeat":"repeat","background-position":"center center","background-size":"auto","background-attachment":"scroll","background-type":"","background-media":"","overlay-type":"","overlay-color":"","overlay-opacity":"","overlay-gradient":""},"mobile":{"background-color":"var(--ast-global-color-5)","background-image":"","background-repeat":"repeat","background-position":"center center","background-size":"auto","background-attachment":"scroll","background-type":"","background-media":"","overlay-type":"","overlay-color":"","overlay-opacity":"","overlay-gradient":""}},"footnotes":""},"class_list":["post-18207","page","type-page","status-publish","hentry"],"yoast_head":"<!-- This site is optimized with the Yoast SEO plugin v27.5 - https:\/\/yoast.com\/product\/yoast-seo-wordpress\/ -->\n<title>Ponte en contacto con - Th\u00e9atre Antique d&#039;Orange<\/title>\n<meta name=\"robots\" content=\"index, follow, max-snippet:-1, max-image-preview:large, max-video-preview:-1\" \/>\n<link rel=\"canonical\" href=\"https:\/\/theatre-antique.com\/es\/ponte-en-contacto-con\/\" \/>\n<meta property=\"og:locale\" content=\"es_ES\" \/>\n<meta property=\"og:type\" content=\"article\" \/>\n<meta property=\"og:title\" content=\"Ponte en contacto con - Th\u00e9atre Antique d&#039;Orange\" \/>\n<meta property=\"og:description\" content=\"CONT\u00c1CTANOS Ponte en contacto Veuillez activer JavaScript dans votre navigateur pour remplir ce formulaire.Name *Phone Number *Email *Message *Send Now Habla con nosotros EMAIL something@tyler.com N\u00daMERO DE TEL\u00c9FONO 202-555-0188 DIRECCI\u00d3N 2727 Ocean Road,Malib\u00fa, CA, 90264 S\u00edguenos: Facebook-f Twitter Linkedin-in Play\" \/>\n<meta property=\"og:url\" content=\"https:\/\/theatre-antique.com\/es\/ponte-en-contacto-con\/\" \/>\n<meta property=\"og:site_name\" content=\"Th\u00e9atre Antique d&#039;Orange\" \/>\n<meta property=\"article:publisher\" content=\"https:\/\/www.facebook.com\/theatreantiqueorangeofficiel\" \/>\n<meta property=\"article:modified_time\" content=\"2025-07-30T12:39:58+00:00\" \/>\n<meta property=\"og:image\" content=\"https:\/\/theatre-antique.com\/wp-content\/plugins\/wpforms-lite\/assets\/images\/submit-spin.svg\" \/>\n<meta name=\"twitter:card\" content=\"summary_large_image\" \/>\n<meta name=\"twitter:site\" content=\"@TheatreAntique\" \/>\n<script type=\"application\/ld+json\" class=\"yoast-schema-graph\">{\"@context\":\"https:\\\/\\\/schema.org\",\"@graph\":[{\"@type\":\"WebPage\",\"@id\":\"https:\\\/\\\/theatre-antique.com\\\/es\\\/ponte-en-contacto-con\\\/\",\"url\":\"https:\\\/\\\/theatre-antique.com\\\/es\\\/ponte-en-contacto-con\\\/\",\"name\":\"Ponte en contacto con - Th\u00e9atre Antique d&#039;Orange\",\"isPartOf\":{\"@id\":\"https:\\\/\\\/theatre-antique.com\\\/es\\\/#website\"},\"primaryImageOfPage\":{\"@id\":\"https:\\\/\\\/theatre-antique.com\\\/es\\\/ponte-en-contacto-con\\\/#primaryimage\"},\"image\":{\"@id\":\"https:\\\/\\\/theatre-antique.com\\\/es\\\/ponte-en-contacto-con\\\/#primaryimage\"},\"thumbnailUrl\":\"https:\\\/\\\/theatre-antique.com\\\/wp-content\\\/plugins\\\/wpforms-lite\\\/assets\\\/images\\\/submit-spin.svg\",\"datePublished\":\"2025-01-04T18:07:12+00:00\",\"dateModified\":\"2025-07-30T12:39:58+00:00\",\"breadcrumb\":{\"@id\":\"https:\\\/\\\/theatre-antique.com\\\/es\\\/ponte-en-contacto-con\\\/#breadcrumb\"},\"inLanguage\":\"es\",\"potentialAction\":[{\"@type\":\"ReadAction\",\"target\":[\"https:\\\/\\\/theatre-antique.com\\\/es\\\/ponte-en-contacto-con\\\/\"]}]},{\"@type\":\"ImageObject\",\"inLanguage\":\"es\",\"@id\":\"https:\\\/\\\/theatre-antique.com\\\/es\\\/ponte-en-contacto-con\\\/#primaryimage\",\"url\":\"https:\\\/\\\/theatre-antique.com\\\/wp-content\\\/plugins\\\/wpforms-lite\\\/assets\\\/images\\\/submit-spin.svg\",\"contentUrl\":\"https:\\\/\\\/theatre-antique.com\\\/wp-content\\\/plugins\\\/wpforms-lite\\\/assets\\\/images\\\/submit-spin.svg\"},{\"@type\":\"BreadcrumbList\",\"@id\":\"https:\\\/\\\/theatre-antique.com\\\/es\\\/ponte-en-contacto-con\\\/#breadcrumb\",\"itemListElement\":[{\"@type\":\"ListItem\",\"position\":1,\"name\":\"Accueil\",\"item\":\"https:\\\/\\\/theatre-antique.com\\\/es\\\/teatro-antiguo-de-orange\\\/\"},{\"@type\":\"ListItem\",\"position\":2,\"name\":\"Ponte en contacto con\"}]},{\"@type\":\"WebSite\",\"@id\":\"https:\\\/\\\/theatre-antique.com\\\/es\\\/#website\",\"url\":\"https:\\\/\\\/theatre-antique.com\\\/es\\\/\",\"name\":\"Th\u00e9atre Antique d'Orange\",\"description\":\"Just another Astra Starter Templates site\",\"publisher\":{\"@id\":\"https:\\\/\\\/theatre-antique.com\\\/es\\\/#organization\"},\"potentialAction\":[{\"@type\":\"SearchAction\",\"target\":{\"@type\":\"EntryPoint\",\"urlTemplate\":\"https:\\\/\\\/theatre-antique.com\\\/es\\\/?s={search_term_string}\"},\"query-input\":{\"@type\":\"PropertyValueSpecification\",\"valueRequired\":true,\"valueName\":\"search_term_string\"}}],\"inLanguage\":\"es\"},{\"@type\":\"Organization\",\"@id\":\"https:\\\/\\\/theatre-antique.com\\\/es\\\/#organization\",\"name\":\"Th\u00e9atre Antique d'Orange\",\"url\":\"https:\\\/\\\/theatre-antique.com\\\/es\\\/\",\"logo\":{\"@type\":\"ImageObject\",\"inLanguage\":\"es\",\"@id\":\"https:\\\/\\\/theatre-antique.com\\\/es\\\/#\\\/schema\\\/logo\\\/image\\\/\",\"url\":\"https:\\\/\\\/theatre-antique.com\\\/wp-content\\\/uploads\\\/2024\\\/12\\\/logo-1-1.jpg\",\"contentUrl\":\"https:\\\/\\\/theatre-antique.com\\\/wp-content\\\/uploads\\\/2024\\\/12\\\/logo-1-1.jpg\",\"width\":601,\"height\":161,\"caption\":\"Th\u00e9atre Antique d'Orange\"},\"image\":{\"@id\":\"https:\\\/\\\/theatre-antique.com\\\/es\\\/#\\\/schema\\\/logo\\\/image\\\/\"},\"sameAs\":[\"https:\\\/\\\/www.facebook.com\\\/theatreantiqueorangeofficiel\",\"https:\\\/\\\/x.com\\\/TheatreAntique\",\"https:\\\/\\\/www.instagram.com\\\/theatreantiquedorange_officiel\\\/\",\"https:\\\/\\\/www.linkedin.com\\\/company\\\/thtre-antique-d-orange\\\/\"]}]}<\/script>\n<!-- \/ Yoast SEO plugin. -->","yoast_head_json":{"title":"Ponte en contacto con - Th\u00e9atre Antique d&#039;Orange","robots":{"index":"index","follow":"follow","max-snippet":"max-snippet:-1","max-image-preview":"max-image-preview:large","max-video-preview":"max-video-preview:-1"},"canonical":"https:\/\/theatre-antique.com\/es\/ponte-en-contacto-con\/","og_locale":"es_ES","og_type":"article","og_title":"Ponte en contacto con - Th\u00e9atre Antique d&#039;Orange","og_description":"CONT\u00c1CTANOS Ponte en contacto Veuillez activer JavaScript dans votre navigateur pour remplir ce formulaire.Name *Phone Number *Email *Message *Send Now Habla con nosotros EMAIL something@tyler.com N\u00daMERO DE TEL\u00c9FONO 202-555-0188 DIRECCI\u00d3N 2727 Ocean Road,Malib\u00fa, CA, 90264 S\u00edguenos: Facebook-f Twitter Linkedin-in Play","og_url":"https:\/\/theatre-antique.com\/es\/ponte-en-contacto-con\/","og_site_name":"Th\u00e9atre Antique d&#039;Orange","article_publisher":"https:\/\/www.facebook.com\/theatreantiqueorangeofficiel","article_modified_time":"2025-07-30T12:39:58+00:00","og_image":[{"url":"https:\/\/theatre-antique.com\/wp-content\/plugins\/wpforms-lite\/assets\/images\/submit-spin.svg","type":"","width":"","height":""}],"twitter_card":"summary_large_image","twitter_site":"@TheatreAntique","schema":{"@context":"https:\/\/schema.org","@graph":[{"@type":"WebPage","@id":"https:\/\/theatre-antique.com\/es\/ponte-en-contacto-con\/","url":"https:\/\/theatre-antique.com\/es\/ponte-en-contacto-con\/","name":"Ponte en contacto con - Th\u00e9atre Antique d&#039;Orange","isPartOf":{"@id":"https:\/\/theatre-antique.com\/es\/#website"},"primaryImageOfPage":{"@id":"https:\/\/theatre-antique.com\/es\/ponte-en-contacto-con\/#primaryimage"},"image":{"@id":"https:\/\/theatre-antique.com\/es\/ponte-en-contacto-con\/#primaryimage"},"thumbnailUrl":"https:\/\/theatre-antique.com\/wp-content\/plugins\/wpforms-lite\/assets\/images\/submit-spin.svg","datePublished":"2025-01-04T18:07:12+00:00","dateModified":"2025-07-30T12:39:58+00:00","breadcrumb":{"@id":"https:\/\/theatre-antique.com\/es\/ponte-en-contacto-con\/#breadcrumb"},"inLanguage":"es","potentialAction":[{"@type":"ReadAction","target":["https:\/\/theatre-antique.com\/es\/ponte-en-contacto-con\/"]}]},{"@type":"ImageObject","inLanguage":"es","@id":"https:\/\/theatre-antique.com\/es\/ponte-en-contacto-con\/#primaryimage","url":"https:\/\/theatre-antique.com\/wp-content\/plugins\/wpforms-lite\/assets\/images\/submit-spin.svg","contentUrl":"https:\/\/theatre-antique.com\/wp-content\/plugins\/wpforms-lite\/assets\/images\/submit-spin.svg"},{"@type":"BreadcrumbList","@id":"https:\/\/theatre-antique.com\/es\/ponte-en-contacto-con\/#breadcrumb","itemListElement":[{"@type":"ListItem","position":1,"name":"Accueil","item":"https:\/\/theatre-antique.com\/es\/teatro-antiguo-de-orange\/"},{"@type":"ListItem","position":2,"name":"Ponte en contacto con"}]},{"@type":"WebSite","@id":"https:\/\/theatre-antique.com\/es\/#website","url":"https:\/\/theatre-antique.com\/es\/","name":"Th\u00e9atre Antique d'Orange","description":"Just another Astra Starter Templates site","publisher":{"@id":"https:\/\/theatre-antique.com\/es\/#organization"},"potentialAction":[{"@type":"SearchAction","target":{"@type":"EntryPoint","urlTemplate":"https:\/\/theatre-antique.com\/es\/?s={search_term_string}"},"query-input":{"@type":"PropertyValueSpecification","valueRequired":true,"valueName":"search_term_string"}}],"inLanguage":"es"},{"@type":"Organization","@id":"https:\/\/theatre-antique.com\/es\/#organization","name":"Th\u00e9atre Antique d'Orange","url":"https:\/\/theatre-antique.com\/es\/","logo":{"@type":"ImageObject","inLanguage":"es","@id":"https:\/\/theatre-antique.com\/es\/#\/schema\/logo\/image\/","url":"https:\/\/theatre-antique.com\/wp-content\/uploads\/2024\/12\/logo-1-1.jpg","contentUrl":"https:\/\/theatre-antique.com\/wp-content\/uploads\/2024\/12\/logo-1-1.jpg","width":601,"height":161,"caption":"Th\u00e9atre Antique d'Orange"},"image":{"@id":"https:\/\/theatre-antique.com\/es\/#\/schema\/logo\/image\/"},"sameAs":["https:\/\/www.facebook.com\/theatreantiqueorangeofficiel","https:\/\/x.com\/TheatreAntique","https:\/\/www.instagram.com\/theatreantiquedorange_officiel\/","https:\/\/www.linkedin.com\/company\/thtre-antique-d-orange\/"]}]}},"_links":{"self":[{"href":"https:\/\/theatre-antique.com\/es\/wp-json\/wp\/v2\/pages\/18207","targetHints":{"allow":["GET"]}}],"collection":[{"href":"https:\/\/theatre-antique.com\/es\/wp-json\/wp\/v2\/pages"}],"about":[{"href":"https:\/\/theatre-antique.com\/es\/wp-json\/wp\/v2\/types\/page"}],"author":[{"embeddable":true,"href":"https:\/\/theatre-antique.com\/es\/wp-json\/wp\/v2\/users\/2"}],"replies":[{"embeddable":true,"href":"https:\/\/theatre-antique.com\/es\/wp-json\/wp\/v2\/comments?post=18207"}],"version-history":[{"count":0,"href":"https:\/\/theatre-antique.com\/es\/wp-json\/wp\/v2\/pages\/18207\/revisions"}],"wp:attachment":[{"href":"https:\/\/theatre-antique.com\/es\/wp-json\/wp\/v2\/media?parent=18207"}],"curies":[{"name":"wp","href":"https:\/\/api.w.org\/{rel}","templated":true}]}}