{"id":18218,"date":"2025-03-19T16:55:16","date_gmt":"2025-03-19T15:55:16","guid":{"rendered":"https:\/\/theatre-antique.com\/politica-de-privacidad\/"},"modified":"2026-01-09T16:32:59","modified_gmt":"2026-01-09T15:32:59","slug":"politica-de-privacidad","status":"publish","type":"page","link":"https:\/\/theatre-antique.com\/es\/politica-de-privacidad\/","title":{"rendered":"Pol\u00edtica de privacidad"},"content":{"rendered":"&#13;\n<h2 class=\"wp-block-heading\">\u00bfQui\u00e9nes somos?<\/h2>&#13;\n&#13;\n<p>La direcci\u00f3n de nuestro sitio web es https:\/\/theatre-antique.com.<\/p>&#13;\n&#13;\n<h2 class=\"wp-block-heading\">Medios de comunicaci\u00f3n<\/h2>&#13;\n&#13;\n<p><strong class=\"privacy-policy-tutorial\"> <\/strong>Si subes im\u00e1genes al sitio, te aconsejamos que evites subir im\u00e1genes que contengan datos EXIF de coordenadas GPS. Las personas que visiten tu sitio pueden descargar y extraer datos de localizaci\u00f3n de estas im\u00e1genes. <\/p>&#13;\n&#13;\n<h2 class=\"wp-block-heading\">Cookies<\/h2>&#13;\n&#13;\n<p>Si dejas un comentario en nuestro sitio, se te pedir\u00e1 que guardes tu nombre, direcci\u00f3n de correo electr\u00f3nico y sitio en las cookies. Esto es puramente para tu comodidad, para que no tengas que introducir esta informaci\u00f3n si dejas otro comentario m\u00e1s tarde. Estas cookies caducan al cabo de un a\u00f1o.  <\/p>&#13;\n&#13;\n<p>Si vas a la p\u00e1gina de inicio de sesi\u00f3n, se crear\u00e1 una cookie temporal para determinar si tu navegador acepta cookies. No contiene ning\u00fan dato personal y se borrar\u00e1 autom\u00e1ticamente cuando cierres tu navegador. <\/p>&#13;\n&#13;\n<p>Cuando te conectes, estableceremos una serie de cookies para registrar tu informaci\u00f3n de conexi\u00f3n y tus preferencias de pantalla. La duraci\u00f3n de una cookie de conexi\u00f3n es de dos d\u00edas, la de una cookie de opci\u00f3n de pantalla es de un a\u00f1o. Si marcas \u00abRecordarme\u00bb, tu cookie de conexi\u00f3n se conservar\u00e1 durante quince d\u00edas. Si cierras la sesi\u00f3n de tu cuenta, se borrar\u00e1 la cookie de conexi\u00f3n.   <\/p>&#13;\n&#13;\n<p>Al modificar o publicar una publicaci\u00f3n, se almacenar\u00e1 una cookie adicional en tu navegador. Esta cookie no contiene ning\u00fan dato personal. Simplemente indica el ID de la publicaci\u00f3n que acabas de modificar. Caduca al cabo de un d\u00eda.   <\/p>&#13;\n&#13;\n<h2 class=\"wp-block-heading\">Contenido incrustado de otros sitios<\/h2>&#13;\n&#13;\n<p><strong class=\"privacy-policy-tutorial\"> <\/strong>Los art\u00edculos de este sitio pueden incluir contenido incrustado (por ejemplo, v\u00eddeos, im\u00e1genes, art\u00edculos, etc.). El contenido incrustado de otros sitios se comporta de la misma manera que si el visitante estuviera visitando ese otro sitio. <\/p>&#13;\n&#13;\n<p>Estos sitios web pueden recopilar datos sobre ti, utilizar cookies, incrustar herramientas de seguimiento de terceros y rastrear tus interacciones con este contenido incrustado si tienes una cuenta conectada a su sitio web.<\/p>&#13;\n&#13;\n<h2 class=\"wp-block-heading\">Uso y transmisi\u00f3n de tus datos personales<\/h2>&#13;\n&#13;\n<p>Si solicitas un restablecimiento de contrase\u00f1a, tu direcci\u00f3n IP se incluir\u00e1 en el correo electr\u00f3nico de restablecimiento.<\/p>&#13;\n&#13;\n<h2 class=\"wp-block-heading\">Periodos de almacenamiento de tus datos<\/h2>&#13;\n&#13;\n<p>Si dejas un comentario, el comentario y sus metadatos se conservan indefinidamente. Esto permite que los comentarios posteriores sean reconocidos y aprobados autom\u00e1ticamente, en lugar de quedar en la cola de moderaci\u00f3n. <\/p>&#13;\n&#13;\n<p>Para las cuentas que se registran en nuestro sitio (si procede), tambi\u00e9n almacenamos los datos personales indicados en su perfil. Todas las cuentas pueden ver, modificar o eliminar su informaci\u00f3n personal en cualquier momento (a excepci\u00f3n de su ID de usuario). Los administradores del sitio tambi\u00e9n pueden ver y modificar esta informaci\u00f3n.  <\/p>&#13;\n&#13;\n<h2 class=\"wp-block-heading\">Los derechos que tienes sobre tus datos<\/h2>&#13;\n&#13;\n<p><strong class=\"privacy-policy-tutorial\"> <\/strong>Si tienes una cuenta o si has dejado comentarios en el sitio, puedes solicitar que te enviemos un archivo con todos los datos personales que tenemos sobre ti, incluidos los que nos has facilitado. Tambi\u00e9n puedes solicitar la supresi\u00f3n de tus datos personales. Esto no incluye los datos almacenados con fines administrativos, legales o de seguridad.  <\/p>&#13;\n&#13;\n<h2 class=\"wp-block-heading\">D\u00f3nde se env\u00edan tus datos<\/h2>&#13;\n&#13;\n<p><strong class=\"privacy-policy-tutorial\"> <\/strong>Los comentarios de los visitantes pueden comprobarse mediante un servicio automatizado para detectar comentarios indeseables.<\/p>&#13;\n<p>&nbsp;<\/p>\n","protected":false},"excerpt":{"rendered":"<p>&#13; \u00bfQui\u00e9nes somos? &#13; &#13; La direcci\u00f3n de nuestro sitio web es https:\/\/theatre-antique.com. &#13; &#13; Medios de comunicaci\u00f3n &#13; &#13; Si subes im\u00e1genes al sitio, te aconsejamos que evites subir im\u00e1genes que contengan datos EXIF de coordenadas GPS. Las personas que visiten tu sitio pueden descargar y extraer datos de localizaci\u00f3n de estas im\u00e1genes. &#13; [&hellip;]<\/p>\n","protected":false},"author":2,"featured_media":0,"parent":0,"menu_order":0,"comment_status":"closed","ping_status":"closed","template":"","meta":{"site-sidebar-layout":"default","site-content-layout":"","ast-site-content-layout":"default","site-content-style":"default","site-sidebar-style":"default","ast-global-header-display":"","ast-banner-title-visibility":"","ast-main-header-display":"","ast-hfb-above-header-display":"","ast-hfb-below-header-display":"","ast-hfb-mobile-header-display":"","site-post-title":"","ast-breadcrumbs-content":"","ast-featured-img":"","footer-sml-layout":"","ast-disable-related-posts":"","theme-transparent-header-meta":"default","adv-header-id-meta":"","stick-header-meta":"default","header-above-stick-meta":"","header-main-stick-meta":"","header-below-stick-meta":"","astra-migrate-meta-layouts":"set","ast-page-background-enabled":"default","ast-page-background-meta":{"desktop":{"background-color":"var(--ast-global-color-4)","background-image":"","background-repeat":"repeat","background-position":"center center","background-size":"auto","background-attachment":"scroll","background-type":"","background-media":"","overlay-type":"","overlay-color":"","overlay-opacity":"","overlay-gradient":""},"tablet":{"background-color":"","background-image":"","background-repeat":"repeat","background-position":"center center","background-size":"auto","background-attachment":"scroll","background-type":"","background-media":"","overlay-type":"","overlay-color":"","overlay-opacity":"","overlay-gradient":""},"mobile":{"background-color":"","background-image":"","background-repeat":"repeat","background-position":"center center","background-size":"auto","background-attachment":"scroll","background-type":"","background-media":"","overlay-type":"","overlay-color":"","overlay-opacity":"","overlay-gradient":""}},"ast-content-background-meta":{"desktop":{"background-color":"var(--ast-global-color-5)","background-image":"","background-repeat":"repeat","background-position":"center center","background-size":"auto","background-attachment":"scroll","background-type":"","background-media":"","overlay-type":"","overlay-color":"","overlay-opacity":"","overlay-gradient":""},"tablet":{"background-color":"var(--ast-global-color-5)","background-image":"","background-repeat":"repeat","background-position":"center center","background-size":"auto","background-attachment":"scroll","background-type":"","background-media":"","overlay-type":"","overlay-color":"","overlay-opacity":"","overlay-gradient":""},"mobile":{"background-color":"var(--ast-global-color-5)","background-image":"","background-repeat":"repeat","background-position":"center center","background-size":"auto","background-attachment":"scroll","background-type":"","background-media":"","overlay-type":"","overlay-color":"","overlay-opacity":"","overlay-gradient":""}},"footnotes":""},"class_list":["post-18218","page","type-page","status-publish","hentry"],"yoast_head":"<!-- This site is optimized with the Yoast SEO plugin v27.3 - https:\/\/yoast.com\/product\/yoast-seo-wordpress\/ -->\n<title>Pol\u00edtica de privacidad - Th\u00e9atre Antique d&#039;Orange<\/title>\n<meta name=\"robots\" content=\"index, follow, max-snippet:-1, max-image-preview:large, max-video-preview:-1\" \/>\n<link rel=\"canonical\" href=\"https:\/\/theatre-antique.com\/es\/politica-de-privacidad\/\" \/>\n<meta property=\"og:locale\" content=\"es_ES\" \/>\n<meta property=\"og:type\" content=\"article\" \/>\n<meta property=\"og:title\" content=\"Pol\u00edtica de privacidad - Th\u00e9atre Antique d&#039;Orange\" \/>\n<meta property=\"og:description\" content=\"&#013; \u00bfQui\u00e9nes somos? &#013; &#013; La direcci\u00f3n de nuestro sitio web es https:\/\/theatre-antique.com. &#013; &#013; Medios de comunicaci\u00f3n &#013; &#013; Si subes im\u00e1genes al sitio, te aconsejamos que evites subir im\u00e1genes que contengan datos EXIF de coordenadas GPS. Las personas que visiten tu sitio pueden descargar y extraer datos de localizaci\u00f3n de estas im\u00e1genes. &#013; [&hellip;]\" \/>\n<meta property=\"og:url\" content=\"https:\/\/theatre-antique.com\/es\/politica-de-privacidad\/\" \/>\n<meta property=\"og:site_name\" content=\"Th\u00e9atre Antique d&#039;Orange\" \/>\n<meta property=\"article:publisher\" content=\"https:\/\/www.facebook.com\/theatreantiqueorangeofficiel\" \/>\n<meta property=\"article:modified_time\" content=\"2026-01-09T15:32:59+00:00\" \/>\n<meta name=\"twitter:card\" content=\"summary_large_image\" \/>\n<meta name=\"twitter:site\" content=\"@TheatreAntique\" \/>\n<meta name=\"twitter:label1\" content=\"Tiempo de lectura\" \/>\n\t<meta name=\"twitter:data1\" content=\"3 minutos\" \/>\n<script type=\"application\/ld+json\" class=\"yoast-schema-graph\">{\"@context\":\"https:\\\/\\\/schema.org\",\"@graph\":[{\"@type\":\"WebPage\",\"@id\":\"https:\\\/\\\/theatre-antique.com\\\/es\\\/politica-de-privacidad\\\/\",\"url\":\"https:\\\/\\\/theatre-antique.com\\\/es\\\/politica-de-privacidad\\\/\",\"name\":\"Pol\u00edtica de privacidad - Th\u00e9atre Antique d&#039;Orange\",\"isPartOf\":{\"@id\":\"https:\\\/\\\/theatre-antique.com\\\/es\\\/#website\"},\"datePublished\":\"2025-03-19T15:55:16+00:00\",\"dateModified\":\"2026-01-09T15:32:59+00:00\",\"breadcrumb\":{\"@id\":\"https:\\\/\\\/theatre-antique.com\\\/es\\\/politica-de-privacidad\\\/#breadcrumb\"},\"inLanguage\":\"es\",\"potentialAction\":[{\"@type\":\"ReadAction\",\"target\":[\"https:\\\/\\\/theatre-antique.com\\\/es\\\/politica-de-privacidad\\\/\"]}]},{\"@type\":\"BreadcrumbList\",\"@id\":\"https:\\\/\\\/theatre-antique.com\\\/es\\\/politica-de-privacidad\\\/#breadcrumb\",\"itemListElement\":[{\"@type\":\"ListItem\",\"position\":1,\"name\":\"Accueil\",\"item\":\"https:\\\/\\\/theatre-antique.com\\\/es\\\/teatro-antiguo-de-orange\\\/\"},{\"@type\":\"ListItem\",\"position\":2,\"name\":\"Pol\u00edtica de privacidad\"}]},{\"@type\":\"WebSite\",\"@id\":\"https:\\\/\\\/theatre-antique.com\\\/es\\\/#website\",\"url\":\"https:\\\/\\\/theatre-antique.com\\\/es\\\/\",\"name\":\"Th\u00e9atre Antique d'Orange\",\"description\":\"Just another Astra Starter Templates site\",\"publisher\":{\"@id\":\"https:\\\/\\\/theatre-antique.com\\\/es\\\/#organization\"},\"potentialAction\":[{\"@type\":\"SearchAction\",\"target\":{\"@type\":\"EntryPoint\",\"urlTemplate\":\"https:\\\/\\\/theatre-antique.com\\\/es\\\/?s={search_term_string}\"},\"query-input\":{\"@type\":\"PropertyValueSpecification\",\"valueRequired\":true,\"valueName\":\"search_term_string\"}}],\"inLanguage\":\"es\"},{\"@type\":\"Organization\",\"@id\":\"https:\\\/\\\/theatre-antique.com\\\/es\\\/#organization\",\"name\":\"Th\u00e9atre Antique d'Orange\",\"url\":\"https:\\\/\\\/theatre-antique.com\\\/es\\\/\",\"logo\":{\"@type\":\"ImageObject\",\"inLanguage\":\"es\",\"@id\":\"https:\\\/\\\/theatre-antique.com\\\/es\\\/#\\\/schema\\\/logo\\\/image\\\/\",\"url\":\"https:\\\/\\\/theatre-antique.com\\\/wp-content\\\/uploads\\\/2024\\\/12\\\/logo-1-1.jpg\",\"contentUrl\":\"https:\\\/\\\/theatre-antique.com\\\/wp-content\\\/uploads\\\/2024\\\/12\\\/logo-1-1.jpg\",\"width\":601,\"height\":161,\"caption\":\"Th\u00e9atre Antique d'Orange\"},\"image\":{\"@id\":\"https:\\\/\\\/theatre-antique.com\\\/es\\\/#\\\/schema\\\/logo\\\/image\\\/\"},\"sameAs\":[\"https:\\\/\\\/www.facebook.com\\\/theatreantiqueorangeofficiel\",\"https:\\\/\\\/x.com\\\/TheatreAntique\",\"https:\\\/\\\/www.instagram.com\\\/theatreantiquedorange_officiel\\\/\",\"https:\\\/\\\/www.linkedin.com\\\/company\\\/thtre-antique-d-orange\\\/\"]}]}<\/script>\n<!-- \/ Yoast SEO plugin. -->","yoast_head_json":{"title":"Pol\u00edtica de privacidad - Th\u00e9atre Antique d&#039;Orange","robots":{"index":"index","follow":"follow","max-snippet":"max-snippet:-1","max-image-preview":"max-image-preview:large","max-video-preview":"max-video-preview:-1"},"canonical":"https:\/\/theatre-antique.com\/es\/politica-de-privacidad\/","og_locale":"es_ES","og_type":"article","og_title":"Pol\u00edtica de privacidad - Th\u00e9atre Antique d&#039;Orange","og_description":"&#13; \u00bfQui\u00e9nes somos? &#13; &#13; La direcci\u00f3n de nuestro sitio web es https:\/\/theatre-antique.com. &#13; &#13; Medios de comunicaci\u00f3n &#13; &#13; Si subes im\u00e1genes al sitio, te aconsejamos que evites subir im\u00e1genes que contengan datos EXIF de coordenadas GPS. Las personas que visiten tu sitio pueden descargar y extraer datos de localizaci\u00f3n de estas im\u00e1genes. &#13; [&hellip;]","og_url":"https:\/\/theatre-antique.com\/es\/politica-de-privacidad\/","og_site_name":"Th\u00e9atre Antique d&#039;Orange","article_publisher":"https:\/\/www.facebook.com\/theatreantiqueorangeofficiel","article_modified_time":"2026-01-09T15:32:59+00:00","twitter_card":"summary_large_image","twitter_site":"@TheatreAntique","twitter_misc":{"Tiempo de lectura":"3 minutos"},"schema":{"@context":"https:\/\/schema.org","@graph":[{"@type":"WebPage","@id":"https:\/\/theatre-antique.com\/es\/politica-de-privacidad\/","url":"https:\/\/theatre-antique.com\/es\/politica-de-privacidad\/","name":"Pol\u00edtica de privacidad - Th\u00e9atre Antique d&#039;Orange","isPartOf":{"@id":"https:\/\/theatre-antique.com\/es\/#website"},"datePublished":"2025-03-19T15:55:16+00:00","dateModified":"2026-01-09T15:32:59+00:00","breadcrumb":{"@id":"https:\/\/theatre-antique.com\/es\/politica-de-privacidad\/#breadcrumb"},"inLanguage":"es","potentialAction":[{"@type":"ReadAction","target":["https:\/\/theatre-antique.com\/es\/politica-de-privacidad\/"]}]},{"@type":"BreadcrumbList","@id":"https:\/\/theatre-antique.com\/es\/politica-de-privacidad\/#breadcrumb","itemListElement":[{"@type":"ListItem","position":1,"name":"Accueil","item":"https:\/\/theatre-antique.com\/es\/teatro-antiguo-de-orange\/"},{"@type":"ListItem","position":2,"name":"Pol\u00edtica de privacidad"}]},{"@type":"WebSite","@id":"https:\/\/theatre-antique.com\/es\/#website","url":"https:\/\/theatre-antique.com\/es\/","name":"Th\u00e9atre Antique d'Orange","description":"Just another Astra Starter Templates site","publisher":{"@id":"https:\/\/theatre-antique.com\/es\/#organization"},"potentialAction":[{"@type":"SearchAction","target":{"@type":"EntryPoint","urlTemplate":"https:\/\/theatre-antique.com\/es\/?s={search_term_string}"},"query-input":{"@type":"PropertyValueSpecification","valueRequired":true,"valueName":"search_term_string"}}],"inLanguage":"es"},{"@type":"Organization","@id":"https:\/\/theatre-antique.com\/es\/#organization","name":"Th\u00e9atre Antique d'Orange","url":"https:\/\/theatre-antique.com\/es\/","logo":{"@type":"ImageObject","inLanguage":"es","@id":"https:\/\/theatre-antique.com\/es\/#\/schema\/logo\/image\/","url":"https:\/\/theatre-antique.com\/wp-content\/uploads\/2024\/12\/logo-1-1.jpg","contentUrl":"https:\/\/theatre-antique.com\/wp-content\/uploads\/2024\/12\/logo-1-1.jpg","width":601,"height":161,"caption":"Th\u00e9atre Antique d'Orange"},"image":{"@id":"https:\/\/theatre-antique.com\/es\/#\/schema\/logo\/image\/"},"sameAs":["https:\/\/www.facebook.com\/theatreantiqueorangeofficiel","https:\/\/x.com\/TheatreAntique","https:\/\/www.instagram.com\/theatreantiquedorange_officiel\/","https:\/\/www.linkedin.com\/company\/thtre-antique-d-orange\/"]}]}},"_links":{"self":[{"href":"https:\/\/theatre-antique.com\/es\/wp-json\/wp\/v2\/pages\/18218","targetHints":{"allow":["GET"]}}],"collection":[{"href":"https:\/\/theatre-antique.com\/es\/wp-json\/wp\/v2\/pages"}],"about":[{"href":"https:\/\/theatre-antique.com\/es\/wp-json\/wp\/v2\/types\/page"}],"author":[{"embeddable":true,"href":"https:\/\/theatre-antique.com\/es\/wp-json\/wp\/v2\/users\/2"}],"replies":[{"embeddable":true,"href":"https:\/\/theatre-antique.com\/es\/wp-json\/wp\/v2\/comments?post=18218"}],"version-history":[{"count":0,"href":"https:\/\/theatre-antique.com\/es\/wp-json\/wp\/v2\/pages\/18218\/revisions"}],"wp:attachment":[{"href":"https:\/\/theatre-antique.com\/es\/wp-json\/wp\/v2\/media?parent=18218"}],"curies":[{"name":"wp","href":"https:\/\/api.w.org\/{rel}","templated":true}]}}