{"id":19127,"date":"2025-04-08T17:04:39","date_gmt":"2025-04-08T15:04:39","guid":{"rendered":"https:\/\/theatre-antique.com\/produit\/monnaie-de-paris-antiguo-teatro-de-orange\/"},"modified":"2026-02-05T15:36:04","modified_gmt":"2026-02-05T14:36:04","slug":"monnaie-de-paris-antiguo-teatro-de-orange","status":"publish","type":"product","link":"https:\/\/theatre-antique.com\/es\/produit\/monnaie-de-paris-antiguo-teatro-de-orange\/","title":{"rendered":"Monnaie de Paris &#8211; Antiguo Teatro de Orange"},"content":{"rendered":"<p>Esta moneda de colecci\u00f3n, acu\u00f1ada por la Monnaie de Par\u00eds, rinde homenaje al majestuoso Antiguo Teatro de Orange. Con su refinado dise\u00f1o, capta la esencia de este emblem\u00e1tico monumento declarado Patrimonio de la Humanidad por la UNESCO. Un recuerdo \u00fanico y precioso para los amantes de la historia.  <\/p>\n","protected":false},"excerpt":{"rendered":"<p>Descubre esta moneda de colecci\u00f3n acu\u00f1ada por la Monnaie de Par\u00eds, dedicada al majestuoso Antiguo Teatro de Orange, s\u00edmbolo emblem\u00e1tico del patrimonio hist\u00f3rico y cultural de la regi\u00f3n. Esta joya numism\u00e1tica pone de relieve el espl\u00e9ndido monumento romano, Patrimonio Mundial de la UNESCO, cuya impresionante silueta puede verse en el reverso de la moneda. <\/p>\n<p>Dise\u00f1ada con una precisi\u00f3n excepcional, esta moneda es un homenaje a la arquitectura antigua, finamente grabada para captar el \u00edmpetu y la grandeza del Teatro. Encarna la mezcla perfecta de tradici\u00f3n y modernidad, al tiempo que destaca el rico pasado de este lugar \u00fanico de Francia. <\/p>\n<p><strong>Caracter\u00edsticas<\/strong>:<br \/>\n<strong><br \/>\nDi\u00e1metro: 34 mm<br \/>\nGrosor: 2 mm<br \/>\nPeso: 16 g<br \/>\nCanto: estriado<br \/>\nColor: dorado<br \/>\nMaterial: Can (Cupro-alu-n\u00edquel)<br \/>\n<\/strong><strong>Acu\u00f1aci\u00f3n: Monnaie de Paris<\/strong><\/p>\n<p>Esta moneda es una pieza de coleccionista ideal para los aficionados a la historia, los entusiastas de la numism\u00e1tica o quienes deseen conservar un precioso recuerdo del Antiguo Teatro de Orange. Un regalo \u00fanico y una obra de arte para a\u00f1adir a tu colecci\u00f3n. <\/p>\n","protected":false},"featured_media":17073,"template":"","meta":{"site-sidebar-layout":"default","site-content-layout":"","ast-site-content-layout":"default","site-content-style":"default","site-sidebar-style":"default","ast-global-header-display":"","ast-banner-title-visibility":"","ast-main-header-display":"","ast-hfb-above-header-display":"","ast-hfb-below-header-display":"","ast-hfb-mobile-header-display":"","site-post-title":"","ast-breadcrumbs-content":"","ast-featured-img":"","footer-sml-layout":"","ast-disable-related-posts":"","theme-transparent-header-meta":"default","adv-header-id-meta":"","stick-header-meta":"default","header-above-stick-meta":"","header-main-stick-meta":"","header-below-stick-meta":"","astra-migrate-meta-layouts":"default","ast-page-background-enabled":"default","ast-page-background-meta":{"desktop":{"background-color":"var(--ast-global-color-4)","background-image":"","background-repeat":"repeat","background-position":"center center","background-size":"auto","background-attachment":"scroll","background-type":"","background-media":"","overlay-type":"","overlay-color":"","overlay-opacity":"","overlay-gradient":""},"tablet":{"background-color":"","background-image":"","background-repeat":"repeat","background-position":"center center","background-size":"auto","background-attachment":"scroll","background-type":"","background-media":"","overlay-type":"","overlay-color":"","overlay-opacity":"","overlay-gradient":""},"mobile":{"background-color":"","background-image":"","background-repeat":"repeat","background-position":"center center","background-size":"auto","background-attachment":"scroll","background-type":"","background-media":"","overlay-type":"","overlay-color":"","overlay-opacity":"","overlay-gradient":""}},"ast-content-background-meta":{"desktop":{"background-color":"var(--ast-global-color-5)","background-image":"","background-repeat":"repeat","background-position":"center center","background-size":"auto","background-attachment":"scroll","background-type":"","background-media":"","overlay-type":"","overlay-color":"","overlay-opacity":"","overlay-gradient":""},"tablet":{"background-color":"var(--ast-global-color-5)","background-image":"","background-repeat":"repeat","background-position":"center center","background-size":"auto","background-attachment":"scroll","background-type":"","background-media":"","overlay-type":"","overlay-color":"","overlay-opacity":"","overlay-gradient":""},"mobile":{"background-color":"var(--ast-global-color-5)","background-image":"","background-repeat":"repeat","background-position":"center center","background-size":"auto","background-attachment":"scroll","background-type":"","background-media":"","overlay-type":"","overlay-color":"","overlay-opacity":"","overlay-gradient":""}}},"product_brand":[],"product_cat":[140],"product_tag":[],"class_list":{"0":"post-19127","1":"product","2":"type-product","3":"status-publish","4":"has-post-thumbnail","6":"product_cat-monedas-de-recuerdo","7":"desktop-align-left","8":"tablet-align-left","9":"mobile-align-left","10":"ast-product-gallery-layout-horizontal-slider","11":"ast-product-gallery-with-no-image","13":"first","14":"instock","15":"taxable","16":"shipping-taxable","17":"purchasable","18":"product-type-simple"},"yoast_head":"<!-- This site is optimized with the Yoast SEO plugin v27.3 - https:\/\/yoast.com\/product\/yoast-seo-wordpress\/ -->\n<title>Monnaie de Paris - Antiguo Teatro de Orange - Th\u00e9atre Antique d&#039;Orange<\/title>\n<meta name=\"robots\" content=\"index, follow, max-snippet:-1, max-image-preview:large, max-video-preview:-1\" \/>\n<link rel=\"canonical\" href=\"https:\/\/theatre-antique.com\/es\/produit\/monnaie-de-paris-antiguo-teatro-de-orange\/\" \/>\n<meta property=\"og:locale\" content=\"es_ES\" \/>\n<meta property=\"og:type\" content=\"article\" \/>\n<meta property=\"og:title\" content=\"Monnaie de Paris - Antiguo Teatro de Orange - Th\u00e9atre Antique d&#039;Orange\" \/>\n<meta property=\"og:description\" content=\"Descubre esta moneda de colecci\u00f3n acu\u00f1ada por la Monnaie de Par\u00eds, dedicada al majestuoso Antiguo Teatro de Orange, s\u00edmbolo emblem\u00e1tico del patrimonio hist\u00f3rico y cultural de la regi\u00f3n. Esta joya numism\u00e1tica pone de relieve el espl\u00e9ndido monumento romano, Patrimonio Mundial de la UNESCO, cuya impresionante silueta puede verse en el reverso de la moneda.  Dise\u00f1ada con una precisi\u00f3n excepcional, esta moneda es un homenaje a la arquitectura antigua, finamente grabada para captar el \u00edmpetu y la grandeza del Teatro. Encarna la mezcla perfecta de tradici\u00f3n y modernidad, al tiempo que destaca el rico pasado de este lugar \u00fanico de Francia.  Caracter\u00edsticas: Di\u00e1metro: 34 mm Grosor: 2 mm Peso: 16 g Canto: estriado Color: dorado Material: Can (Cupro-alu-n\u00edquel) Acu\u00f1aci\u00f3n: Monnaie de Paris Esta moneda es una pieza de coleccionista ideal para los aficionados a la historia, los entusiastas de la numism\u00e1tica o quienes deseen conservar un precioso recuerdo del Antiguo Teatro de Orange. Un regalo \u00fanico y una obra de arte para a\u00f1adir a tu colecci\u00f3n.\" \/>\n<meta property=\"og:url\" content=\"https:\/\/theatre-antique.com\/es\/produit\/monnaie-de-paris-antiguo-teatro-de-orange\/\" \/>\n<meta property=\"og:site_name\" content=\"Th\u00e9atre Antique d&#039;Orange\" \/>\n<meta property=\"article:publisher\" content=\"https:\/\/www.facebook.com\/theatreantiqueorangeofficiel\" \/>\n<meta property=\"article:modified_time\" content=\"2026-02-05T14:36:04+00:00\" \/>\n<meta property=\"og:image\" content=\"https:\/\/theatre-antique.com\/wp-content\/uploads\/2025\/04\/LR13161255CR5_5623-scaled.jpg\" \/>\n\t<meta property=\"og:image:width\" content=\"1707\" \/>\n\t<meta property=\"og:image:height\" content=\"2560\" \/>\n\t<meta property=\"og:image:type\" content=\"image\/jpeg\" \/>\n<meta name=\"twitter:card\" content=\"summary_large_image\" \/>\n<meta name=\"twitter:site\" content=\"@TheatreAntique\" \/>\n<script type=\"application\/ld+json\" class=\"yoast-schema-graph\">{\"@context\":\"https:\\\/\\\/schema.org\",\"@graph\":[{\"@type\":\"WebPage\",\"@id\":\"https:\\\/\\\/theatre-antique.com\\\/es\\\/produit\\\/monnaie-de-paris-antiguo-teatro-de-orange\\\/\",\"url\":\"https:\\\/\\\/theatre-antique.com\\\/es\\\/produit\\\/monnaie-de-paris-antiguo-teatro-de-orange\\\/\",\"name\":\"Monnaie de Paris - Antiguo Teatro de Orange - Th\u00e9atre Antique d&#039;Orange\",\"isPartOf\":{\"@id\":\"https:\\\/\\\/theatre-antique.com\\\/es\\\/#website\"},\"primaryImageOfPage\":{\"@id\":\"https:\\\/\\\/theatre-antique.com\\\/es\\\/produit\\\/monnaie-de-paris-antiguo-teatro-de-orange\\\/#primaryimage\"},\"image\":{\"@id\":\"https:\\\/\\\/theatre-antique.com\\\/es\\\/produit\\\/monnaie-de-paris-antiguo-teatro-de-orange\\\/#primaryimage\"},\"thumbnailUrl\":\"https:\\\/\\\/theatre-antique.com\\\/wp-content\\\/uploads\\\/2025\\\/04\\\/LR13161255CR5_5623-scaled.jpg\",\"datePublished\":\"2025-04-08T15:04:39+00:00\",\"dateModified\":\"2026-02-05T14:36:04+00:00\",\"breadcrumb\":{\"@id\":\"https:\\\/\\\/theatre-antique.com\\\/es\\\/produit\\\/monnaie-de-paris-antiguo-teatro-de-orange\\\/#breadcrumb\"},\"inLanguage\":\"es\",\"potentialAction\":[{\"@type\":\"ReadAction\",\"target\":[\"https:\\\/\\\/theatre-antique.com\\\/es\\\/produit\\\/monnaie-de-paris-antiguo-teatro-de-orange\\\/\"]}]},{\"@type\":\"ImageObject\",\"inLanguage\":\"es\",\"@id\":\"https:\\\/\\\/theatre-antique.com\\\/es\\\/produit\\\/monnaie-de-paris-antiguo-teatro-de-orange\\\/#primaryimage\",\"url\":\"https:\\\/\\\/theatre-antique.com\\\/wp-content\\\/uploads\\\/2025\\\/04\\\/LR13161255CR5_5623-scaled.jpg\",\"contentUrl\":\"https:\\\/\\\/theatre-antique.com\\\/wp-content\\\/uploads\\\/2025\\\/04\\\/LR13161255CR5_5623-scaled.jpg\",\"width\":1707,\"height\":2560},{\"@type\":\"BreadcrumbList\",\"@id\":\"https:\\\/\\\/theatre-antique.com\\\/es\\\/produit\\\/monnaie-de-paris-antiguo-teatro-de-orange\\\/#breadcrumb\",\"itemListElement\":[{\"@type\":\"ListItem\",\"position\":1,\"name\":\"Accueil\",\"item\":\"https:\\\/\\\/theatre-antique.com\\\/es\\\/teatro-antiguo-de-orange\\\/\"},{\"@type\":\"ListItem\",\"position\":2,\"name\":\"La boutique\",\"item\":\"https:\\\/\\\/theatre-antique.com\\\/shop\\\/\"},{\"@type\":\"ListItem\",\"position\":3,\"name\":\"Monnaie de Paris &#8211; Antiguo Teatro de Orange\"}]},{\"@type\":\"WebSite\",\"@id\":\"https:\\\/\\\/theatre-antique.com\\\/es\\\/#website\",\"url\":\"https:\\\/\\\/theatre-antique.com\\\/es\\\/\",\"name\":\"Th\u00e9atre Antique d'Orange\",\"description\":\"Just another Astra Starter Templates site\",\"publisher\":{\"@id\":\"https:\\\/\\\/theatre-antique.com\\\/es\\\/#organization\"},\"potentialAction\":[{\"@type\":\"SearchAction\",\"target\":{\"@type\":\"EntryPoint\",\"urlTemplate\":\"https:\\\/\\\/theatre-antique.com\\\/es\\\/?s={search_term_string}\"},\"query-input\":{\"@type\":\"PropertyValueSpecification\",\"valueRequired\":true,\"valueName\":\"search_term_string\"}}],\"inLanguage\":\"es\"},{\"@type\":\"Organization\",\"@id\":\"https:\\\/\\\/theatre-antique.com\\\/es\\\/#organization\",\"name\":\"Th\u00e9atre Antique d'Orange\",\"url\":\"https:\\\/\\\/theatre-antique.com\\\/es\\\/\",\"logo\":{\"@type\":\"ImageObject\",\"inLanguage\":\"es\",\"@id\":\"https:\\\/\\\/theatre-antique.com\\\/es\\\/#\\\/schema\\\/logo\\\/image\\\/\",\"url\":\"https:\\\/\\\/theatre-antique.com\\\/wp-content\\\/uploads\\\/2024\\\/12\\\/logo-1-1.jpg\",\"contentUrl\":\"https:\\\/\\\/theatre-antique.com\\\/wp-content\\\/uploads\\\/2024\\\/12\\\/logo-1-1.jpg\",\"width\":601,\"height\":161,\"caption\":\"Th\u00e9atre Antique d'Orange\"},\"image\":{\"@id\":\"https:\\\/\\\/theatre-antique.com\\\/es\\\/#\\\/schema\\\/logo\\\/image\\\/\"},\"sameAs\":[\"https:\\\/\\\/www.facebook.com\\\/theatreantiqueorangeofficiel\",\"https:\\\/\\\/x.com\\\/TheatreAntique\",\"https:\\\/\\\/www.instagram.com\\\/theatreantiquedorange_officiel\\\/\",\"https:\\\/\\\/www.linkedin.com\\\/company\\\/thtre-antique-d-orange\\\/\"]}]}<\/script>\n<!-- \/ Yoast SEO plugin. -->","yoast_head_json":{"title":"Monnaie de Paris - Antiguo Teatro de Orange - Th\u00e9atre Antique d&#039;Orange","robots":{"index":"index","follow":"follow","max-snippet":"max-snippet:-1","max-image-preview":"max-image-preview:large","max-video-preview":"max-video-preview:-1"},"canonical":"https:\/\/theatre-antique.com\/es\/produit\/monnaie-de-paris-antiguo-teatro-de-orange\/","og_locale":"es_ES","og_type":"article","og_title":"Monnaie de Paris - Antiguo Teatro de Orange - Th\u00e9atre Antique d&#039;Orange","og_description":"Descubre esta moneda de colecci\u00f3n acu\u00f1ada por la Monnaie de Par\u00eds, dedicada al majestuoso Antiguo Teatro de Orange, s\u00edmbolo emblem\u00e1tico del patrimonio hist\u00f3rico y cultural de la regi\u00f3n. Esta joya numism\u00e1tica pone de relieve el espl\u00e9ndido monumento romano, Patrimonio Mundial de la UNESCO, cuya impresionante silueta puede verse en el reverso de la moneda.  Dise\u00f1ada con una precisi\u00f3n excepcional, esta moneda es un homenaje a la arquitectura antigua, finamente grabada para captar el \u00edmpetu y la grandeza del Teatro. Encarna la mezcla perfecta de tradici\u00f3n y modernidad, al tiempo que destaca el rico pasado de este lugar \u00fanico de Francia.  Caracter\u00edsticas: Di\u00e1metro: 34 mm Grosor: 2 mm Peso: 16 g Canto: estriado Color: dorado Material: Can (Cupro-alu-n\u00edquel) Acu\u00f1aci\u00f3n: Monnaie de Paris Esta moneda es una pieza de coleccionista ideal para los aficionados a la historia, los entusiastas de la numism\u00e1tica o quienes deseen conservar un precioso recuerdo del Antiguo Teatro de Orange. Un regalo \u00fanico y una obra de arte para a\u00f1adir a tu colecci\u00f3n.","og_url":"https:\/\/theatre-antique.com\/es\/produit\/monnaie-de-paris-antiguo-teatro-de-orange\/","og_site_name":"Th\u00e9atre Antique d&#039;Orange","article_publisher":"https:\/\/www.facebook.com\/theatreantiqueorangeofficiel","article_modified_time":"2026-02-05T14:36:04+00:00","og_image":[{"width":1707,"height":2560,"url":"https:\/\/theatre-antique.com\/wp-content\/uploads\/2025\/04\/LR13161255CR5_5623-scaled.jpg","type":"image\/jpeg"}],"twitter_card":"summary_large_image","twitter_site":"@TheatreAntique","schema":{"@context":"https:\/\/schema.org","@graph":[{"@type":"WebPage","@id":"https:\/\/theatre-antique.com\/es\/produit\/monnaie-de-paris-antiguo-teatro-de-orange\/","url":"https:\/\/theatre-antique.com\/es\/produit\/monnaie-de-paris-antiguo-teatro-de-orange\/","name":"Monnaie de Paris - Antiguo Teatro de Orange - Th\u00e9atre Antique d&#039;Orange","isPartOf":{"@id":"https:\/\/theatre-antique.com\/es\/#website"},"primaryImageOfPage":{"@id":"https:\/\/theatre-antique.com\/es\/produit\/monnaie-de-paris-antiguo-teatro-de-orange\/#primaryimage"},"image":{"@id":"https:\/\/theatre-antique.com\/es\/produit\/monnaie-de-paris-antiguo-teatro-de-orange\/#primaryimage"},"thumbnailUrl":"https:\/\/theatre-antique.com\/wp-content\/uploads\/2025\/04\/LR13161255CR5_5623-scaled.jpg","datePublished":"2025-04-08T15:04:39+00:00","dateModified":"2026-02-05T14:36:04+00:00","breadcrumb":{"@id":"https:\/\/theatre-antique.com\/es\/produit\/monnaie-de-paris-antiguo-teatro-de-orange\/#breadcrumb"},"inLanguage":"es","potentialAction":[{"@type":"ReadAction","target":["https:\/\/theatre-antique.com\/es\/produit\/monnaie-de-paris-antiguo-teatro-de-orange\/"]}]},{"@type":"ImageObject","inLanguage":"es","@id":"https:\/\/theatre-antique.com\/es\/produit\/monnaie-de-paris-antiguo-teatro-de-orange\/#primaryimage","url":"https:\/\/theatre-antique.com\/wp-content\/uploads\/2025\/04\/LR13161255CR5_5623-scaled.jpg","contentUrl":"https:\/\/theatre-antique.com\/wp-content\/uploads\/2025\/04\/LR13161255CR5_5623-scaled.jpg","width":1707,"height":2560},{"@type":"BreadcrumbList","@id":"https:\/\/theatre-antique.com\/es\/produit\/monnaie-de-paris-antiguo-teatro-de-orange\/#breadcrumb","itemListElement":[{"@type":"ListItem","position":1,"name":"Accueil","item":"https:\/\/theatre-antique.com\/es\/teatro-antiguo-de-orange\/"},{"@type":"ListItem","position":2,"name":"La boutique","item":"https:\/\/theatre-antique.com\/shop\/"},{"@type":"ListItem","position":3,"name":"Monnaie de Paris &#8211; Antiguo Teatro de Orange"}]},{"@type":"WebSite","@id":"https:\/\/theatre-antique.com\/es\/#website","url":"https:\/\/theatre-antique.com\/es\/","name":"Th\u00e9atre Antique d'Orange","description":"Just another Astra Starter Templates site","publisher":{"@id":"https:\/\/theatre-antique.com\/es\/#organization"},"potentialAction":[{"@type":"SearchAction","target":{"@type":"EntryPoint","urlTemplate":"https:\/\/theatre-antique.com\/es\/?s={search_term_string}"},"query-input":{"@type":"PropertyValueSpecification","valueRequired":true,"valueName":"search_term_string"}}],"inLanguage":"es"},{"@type":"Organization","@id":"https:\/\/theatre-antique.com\/es\/#organization","name":"Th\u00e9atre Antique d'Orange","url":"https:\/\/theatre-antique.com\/es\/","logo":{"@type":"ImageObject","inLanguage":"es","@id":"https:\/\/theatre-antique.com\/es\/#\/schema\/logo\/image\/","url":"https:\/\/theatre-antique.com\/wp-content\/uploads\/2024\/12\/logo-1-1.jpg","contentUrl":"https:\/\/theatre-antique.com\/wp-content\/uploads\/2024\/12\/logo-1-1.jpg","width":601,"height":161,"caption":"Th\u00e9atre Antique d'Orange"},"image":{"@id":"https:\/\/theatre-antique.com\/es\/#\/schema\/logo\/image\/"},"sameAs":["https:\/\/www.facebook.com\/theatreantiqueorangeofficiel","https:\/\/x.com\/TheatreAntique","https:\/\/www.instagram.com\/theatreantiquedorange_officiel\/","https:\/\/www.linkedin.com\/company\/thtre-antique-d-orange\/"]}]}},"_links":{"self":[{"href":"https:\/\/theatre-antique.com\/es\/wp-json\/wp\/v2\/product\/19127","targetHints":{"allow":["GET"]}}],"collection":[{"href":"https:\/\/theatre-antique.com\/es\/wp-json\/wp\/v2\/product"}],"about":[{"href":"https:\/\/theatre-antique.com\/es\/wp-json\/wp\/v2\/types\/product"}],"wp:featuredmedia":[{"embeddable":true,"href":"https:\/\/theatre-antique.com\/es\/wp-json\/wp\/v2\/media\/17073"}],"wp:attachment":[{"href":"https:\/\/theatre-antique.com\/es\/wp-json\/wp\/v2\/media?parent=19127"}],"wp:term":[{"taxonomy":"product_brand","embeddable":true,"href":"https:\/\/theatre-antique.com\/es\/wp-json\/wp\/v2\/product_brand?post=19127"},{"taxonomy":"product_cat","embeddable":true,"href":"https:\/\/theatre-antique.com\/es\/wp-json\/wp\/v2\/product_cat?post=19127"},{"taxonomy":"product_tag","embeddable":true,"href":"https:\/\/theatre-antique.com\/es\/wp-json\/wp\/v2\/product_tag?post=19127"}],"curies":[{"name":"wp","href":"https:\/\/api.w.org\/{rel}","templated":true}]}}